{"id":14,"date":"2024-02-25T02:41:48","date_gmt":"2024-02-25T01:41:48","guid":{"rendered":"https:\/\/www.kubesovyborkovice.cz\/?page_id=14"},"modified":"2024-03-21T09:47:10","modified_gmt":"2024-03-21T08:47:10","slug":"ucinkujici","status":"publish","type":"page","link":"https:\/\/www.kubesovyborkovice.cz\/?page_id=14","title":{"rendered":"\u00da\u010dinkuj\u00edc\u00ed"},"content":{"rendered":"\t\t<div data-elementor-type=\"wp-page\" data-elementor-id=\"14\" class=\"elementor elementor-14\">\n\t\t\t\t<div class=\"elementor-element elementor-element-7dc3a94 e-flex e-con-boxed e-con e-parent\" data-id=\"7dc3a94\" data-element_type=\"container\">\n\t\t\t\t\t<div class=\"e-con-inner\">\n\t\t<div class=\"elementor-element elementor-element-254daff e-con-full e-flex e-con e-child\" data-id=\"254daff\" data-element_type=\"container\">\n\t\t\t\t<div class=\"elementor-element elementor-element-739df33 elementor-widget elementor-widget-image\" data-id=\"739df33\" data-element_type=\"widget\" data-widget_type=\"image.default\">\n\t\t\t\t\t\t\t\t\t\t\t\t\t\t\t<img fetchpriority=\"high\" decoding=\"async\" width=\"768\" height=\"579\" src=\"https:\/\/www.kubesovyborkovice.cz\/wp-content\/uploads\/2024\/03\/babouci-768x579.jpg\" class=\"attachment-medium_large size-medium_large wp-image-460\" alt=\"\" srcset=\"https:\/\/www.kubesovyborkovice.cz\/wp-content\/uploads\/2024\/03\/babouci-768x579.jpg 768w, https:\/\/www.kubesovyborkovice.cz\/wp-content\/uploads\/2024\/03\/babouci-300x226.jpg 300w, https:\/\/www.kubesovyborkovice.cz\/wp-content\/uploads\/2024\/03\/babouci-1024x771.jpg 1024w, https:\/\/www.kubesovyborkovice.cz\/wp-content\/uploads\/2024\/03\/babouci-1536x1157.jpg 1536w, https:\/\/www.kubesovyborkovice.cz\/wp-content\/uploads\/2024\/03\/babouci-2048x1543.jpg 2048w\" sizes=\"(max-width: 768px) 100vw, 768px\" \/>\t\t\t\t\t\t\t\t\t\t\t\t\t\t\t<\/div>\n\t\t\t\t<\/div>\n\t\t<div class=\"elementor-element elementor-element-2d038f9 e-con-full e-flex e-con e-child\" data-id=\"2d038f9\" data-element_type=\"container\">\n\t\t\t\t<div class=\"elementor-element elementor-element-745d653 elementor-widget elementor-widget-text-editor\" data-id=\"745d653\" data-element_type=\"widget\" data-widget_type=\"text-editor.default\">\n\t\t\t\t\t\t\t\t\t<h4>BABOUCI<\/h4><p>Babouci jsou nejstar\u0161\u00ed jiho\u010desk\u00e1 dechovka hraj\u00edc\u00ed nep\u0159etr\u017eit\u011b od roku 1868. Br\u00e1zd\u00ed celou \u010ceskou republiku a vystupovali i\u00a0v Rakousku, N\u011bmecku, Belgii a\u00a0na Slovensku. Jejich kapeln\u00edkem je od 1.5.2019 k\u0159\u00eddlov\u00e1k Tom\u00e1\u0161 Stan\u011bk, kter\u00fd vyst\u0159\u00eddal ve veden\u00ed klarinetistu Petra Sh\u00fdbala. Nenapodobiteln\u00fd hr\u00e1\u010dsk\u00fd styl se udr\u017eel d\u00edky V\u00e1clavu Ro\u017eboudovi, kter\u00fd byl \u010dlenem kapely t\u00e9m\u011b\u0159 pades\u00e1t let a\u00a0t\u0159icet let ji vedl. Po\u00a0jeho \u00famrt\u00ed na podzim roku 1998 p\u0159evzal veden\u00ed barytonista Franti\u0161ek Petr\u00e1ch a\u00a0p\u0159edal je ji\u017e zm\u00edn\u011bn\u00e9mu Petru Sh\u00fdbalovi 1.5.2002. Za \u00e9ry p\u00e1n\u016f Petr\u00e1cha a\u00a0Sh\u00fdbala nato\u010dili Babouci u\u00a0Kube\u0161ova hudebn\u00edho vydavatelstv\u00ed 15 CD s\u00a0kr\u00e1sn\u00fdmi jiho\u010desk\u00fdmi p\u00edsni\u010dkami. Pod veden\u00edm sou\u010dasn\u00e9ho kapeln\u00edka Tom\u00e1\u0161e Sta\u0148ka nato\u010dili Babouci na podzim 2023 nov\u00e9 CD \u201eSvatoj\u00e1nsk\u00e1 chasa\u201c.<\/p><p><strong>Tom\u00e1\u0161 Stan\u011bk &#8211; kapeln\u00edk<\/strong><br \/><a href=\"mailto:tomasstanek1@email.cz\">tomasstanek1@email.cz<\/a><br \/><a href=\"http:\/\/www.babouci.cz\" target=\"_blank\" rel=\"noopener\">www.babouci.cz<\/a><\/p>\t\t\t\t\t\t\t\t<\/div>\n\t\t\t\t<\/div>\n\t\t\t\t\t<\/div>\n\t\t\t\t<\/div>\n\t\t<div class=\"elementor-element elementor-element-4370d8a e-flex e-con-boxed e-con e-parent\" data-id=\"4370d8a\" data-element_type=\"container\">\n\t\t\t\t\t<div class=\"e-con-inner\">\n\t\t\t\t<div class=\"elementor-element elementor-element-a4bb534 elementor-widget-divider--view-line elementor-widget elementor-widget-divider\" data-id=\"a4bb534\" data-element_type=\"widget\" data-widget_type=\"divider.default\">\n\t\t\t\t\t\t\t<div class=\"elementor-divider\">\n\t\t\t<span class=\"elementor-divider-separator\">\n\t\t\t\t\t\t<\/span>\n\t\t<\/div>\n\t\t\t\t\t\t<\/div>\n\t\t\t\t\t<\/div>\n\t\t\t\t<\/div>\n\t\t<div class=\"elementor-element elementor-element-8aa7ca2 e-flex e-con-boxed e-con e-parent\" data-id=\"8aa7ca2\" data-element_type=\"container\">\n\t\t\t\t\t<div class=\"e-con-inner\">\n\t\t<div class=\"elementor-element elementor-element-09eca0d e-con-full e-flex e-con e-child\" data-id=\"09eca0d\" data-element_type=\"container\">\n\t\t\t\t<div class=\"elementor-element elementor-element-45d02a5 elementor-widget elementor-widget-image\" data-id=\"45d02a5\" data-element_type=\"widget\" data-widget_type=\"image.default\">\n\t\t\t\t\t\t\t\t\t\t\t\t\t\t\t<img decoding=\"async\" width=\"768\" height=\"512\" src=\"https:\/\/www.kubesovyborkovice.cz\/wp-content\/uploads\/2024\/03\/krajanka-768x512.jpg\" class=\"attachment-medium_large size-medium_large wp-image-269\" alt=\"\" srcset=\"https:\/\/www.kubesovyborkovice.cz\/wp-content\/uploads\/2024\/03\/krajanka-768x512.jpg 768w, https:\/\/www.kubesovyborkovice.cz\/wp-content\/uploads\/2024\/03\/krajanka-300x200.jpg 300w, https:\/\/www.kubesovyborkovice.cz\/wp-content\/uploads\/2024\/03\/krajanka-1024x683.jpg 1024w, https:\/\/www.kubesovyborkovice.cz\/wp-content\/uploads\/2024\/03\/krajanka-1536x1025.jpg 1536w, https:\/\/www.kubesovyborkovice.cz\/wp-content\/uploads\/2024\/03\/krajanka-2048x1366.jpg 2048w\" sizes=\"(max-width: 768px) 100vw, 768px\" \/>\t\t\t\t\t\t\t\t\t\t\t\t\t\t\t<\/div>\n\t\t\t\t<\/div>\n\t\t<div class=\"elementor-element elementor-element-701a95a e-con-full e-flex e-con e-child\" data-id=\"701a95a\" data-element_type=\"container\">\n\t\t\t\t<div class=\"elementor-element elementor-element-699207d elementor-widget elementor-widget-text-editor\" data-id=\"699207d\" data-element_type=\"widget\" data-widget_type=\"text-editor.default\">\n\t\t\t\t\t\t\t\t\t<h4>KRAJANKA<\/h4><p>Krajanka pat\u0159\u00ed mezi nejzn\u00e1m\u011bj\u0161\u00ed a nejpopul\u00e1rn\u011bj\u0161\u00ed \u010desk\u00e9 kapely. Byla zalo\u017eena v\u00a0roce 1991 v\u00a0Praze z\u00a0profesion\u00e1ln\u00edch muzikant\u016f. Krajanka vystupovala v\u00a0n\u011bkolika des\u00edtk\u00e1ch televizn\u00edch po\u0159ad\u016f, nato\u010dila 39 CD a je dr\u017eitelkou dvou Zlat\u00fdch desek. V roce 1998 byla Krajanka nominov\u00e1na na cenu \u201eGrammy\u201c v\u00a0\u017e\u00e1nru lidov\u00e9 a\u00a0dechov\u00e9 hudby. Krajanka odehr\u00e1la v\u00edce ne\u017e 1700 koncert\u016f u n\u00e1s i v zahrani\u010d\u00ed. Od\u00a0jej\u00edho zalo\u017een\u00ed v roce 1991 je kapeln\u00edkem V\u00e1clav Hlav\u00e1\u010dek, s\u00f3listy Krajanky jsou Ivana Jel\u00ednkov\u00e1, Ivana Zbo\u0159ilov\u00e1, Ji\u0159\u00ed \u0160kv\u00e1ra, a Vratislav Velek. Koncerty Krajanky prov\u00e1z\u00ed here\u010dka a\u00a0moder\u00e1torka Karol\u00edna Hlav\u00e1\u010dkov\u00e1. V roce 2009 byla Krajanka spolupo\u0159adatelem 10.\u00a0Mistrovstv\u00ed Evropy dechov\u00fdch hudeb. Kapeln\u00edk Krajanky V\u00e1clav Hlav\u00e1\u010dek je tak\u00e9 \u0161\u00e9fredaktorem \u010dasopisu pro v\u0161echny milovn\u00edky dechovky s n\u00e1zvem <strong>Dechovka, to je na\u0161e!<\/strong> Je vydavatelem stoln\u00edch kalend\u00e1\u0159\u016f Dechov\u00e9 orchestry.<\/p><p><strong>V\u00e1clav Hlav\u00e1\u010dek &#8211; kapeln\u00edk<br \/><\/strong><a href=\"mailto:krajanka@krajanka.cz\">krajanka@krajanka.cz<\/a><br \/><a href=\"http:\/\/www.krajanka.cz\" target=\"_blank\" rel=\"noopener\">www.krajanka.cz<\/a><\/p>\t\t\t\t\t\t\t\t<\/div>\n\t\t\t\t<\/div>\n\t\t\t\t\t<\/div>\n\t\t\t\t<\/div>\n\t\t<div class=\"elementor-element elementor-element-e69126f e-flex e-con-boxed e-con e-parent\" data-id=\"e69126f\" data-element_type=\"container\">\n\t\t\t\t\t<div class=\"e-con-inner\">\n\t\t\t\t<div class=\"elementor-element elementor-element-36b54a9 elementor-widget-divider--view-line elementor-widget elementor-widget-divider\" data-id=\"36b54a9\" data-element_type=\"widget\" data-widget_type=\"divider.default\">\n\t\t\t\t\t\t\t<div class=\"elementor-divider\">\n\t\t\t<span class=\"elementor-divider-separator\">\n\t\t\t\t\t\t<\/span>\n\t\t<\/div>\n\t\t\t\t\t\t<\/div>\n\t\t\t\t\t<\/div>\n\t\t\t\t<\/div>\n\t\t<div class=\"elementor-element elementor-element-54e0b62 e-flex e-con-boxed e-con e-parent\" data-id=\"54e0b62\" data-element_type=\"container\">\n\t\t\t\t\t<div class=\"e-con-inner\">\n\t\t<div class=\"elementor-element elementor-element-fb09d06 e-con-full e-flex e-con e-child\" data-id=\"fb09d06\" data-element_type=\"container\">\n\t\t\t\t<div class=\"elementor-element elementor-element-d790d14 elementor-widget elementor-widget-image\" data-id=\"d790d14\" data-element_type=\"widget\" data-widget_type=\"image.default\">\n\t\t\t\t\t\t\t\t\t\t\t\t\t\t\t<img decoding=\"async\" width=\"768\" height=\"604\" src=\"https:\/\/www.kubesovyborkovice.cz\/wp-content\/uploads\/2024\/03\/kubesovanka-768x604.jpg\" class=\"attachment-medium_large size-medium_large wp-image-164\" alt=\"\" srcset=\"https:\/\/www.kubesovyborkovice.cz\/wp-content\/uploads\/2024\/03\/kubesovanka-768x604.jpg 768w, https:\/\/www.kubesovyborkovice.cz\/wp-content\/uploads\/2024\/03\/kubesovanka-300x236.jpg 300w, https:\/\/www.kubesovyborkovice.cz\/wp-content\/uploads\/2024\/03\/kubesovanka-1024x806.jpg 1024w, https:\/\/www.kubesovyborkovice.cz\/wp-content\/uploads\/2024\/03\/kubesovanka-1536x1209.jpg 1536w, https:\/\/www.kubesovyborkovice.cz\/wp-content\/uploads\/2024\/03\/kubesovanka-2048x1611.jpg 2048w\" sizes=\"(max-width: 768px) 100vw, 768px\" \/>\t\t\t\t\t\t\t\t\t\t\t\t\t\t\t<\/div>\n\t\t\t\t<\/div>\n\t\t<div class=\"elementor-element elementor-element-9880597 e-con-full e-flex e-con e-child\" data-id=\"9880597\" data-element_type=\"container\">\n\t\t\t\t<div class=\"elementor-element elementor-element-ae6b893 elementor-widget elementor-widget-text-editor\" data-id=\"ae6b893\" data-element_type=\"widget\" data-widget_type=\"text-editor.default\">\n\t\t\t\t\t\t\t\t\t<h4>KUBE\u0160OVANKA (Rakousko)<\/h4><p>P\u0159ed druhou sv\u011btovou v\u00e1lkou, b\u011bhem n\u00ed i v \u010dase po n\u00ed musela Trachtenkapelle Brand z\u00a0Doln\u00edho Rakouska \u010dasto \u017e\u00e1dat o pomoc hudebn\u00edky z \u010cech. Tak se jej\u00ed tehdej\u0161\u00ed dirigent Adolf Zeller sezn\u00e1mil s Ladislavem Kube\u0161em star\u0161\u00edm a mezi Trachtenkapelle Brand a\u00a0Bla\u0165\u00e1ckou dechovkou Ladislava Kube\u0161e vzniklo up\u0159\u00edmn\u00e9 hudebn\u00ed p\u0159\u00e1telstv\u00ed. Trv\u00e1 dodnes. Po\u010d\u00ednaje rokem 1962 organizovali oba kapeln\u00edci oboustrann\u00e9 p\u0159eshrani\u010dn\u00ed koncertn\u00ed n\u00e1v\u0161t\u011bvy do \u010ceskoslovensk\u00e9 republiky i do Rakouska a vz\u00e1jemn\u011b si vym\u011b\u0148ovali hudebn\u00ed n\u00e1pady a\u00a0zku\u0161enosti. Mal\u00e1 dechovka Trachtenkapelle Brand vznikla v roce 1971. Hr\u00e1la v typicky \u010desk\u00e9m obsazen\u00ed skladby a\u00a0p\u00edsni\u010dky jiho\u010desk\u00fdch autor\u016f, Ladislava Kube\u0161e p\u0159edev\u0161\u00edm. Hudebn\u00ed tradice \u201cJiho\u010desk\u00e9 dechovky v Brand-Nagelbergu\u201d byla o pades\u00e1t let pozd\u011bji v roce 2021 za\u0159azena na rakousk\u00fd seznam nehmotn\u00e9ho kulturn\u00edho d\u011bdictv\u00ed UNESCO a tato pocta, prov\u00e1zen\u00e1 v Trachtenkepelle Brand genera\u010dn\u00ed obm\u011bnou hr\u00e1\u010d\u016f, vedla k zalo\u017een\u00ed nov\u00e9 \u010desko-rakousk\u00e9 kapely KUBE\u0160OVANKA. Ta si dala za \u00fakol, \u017ee bude o rozvoj zm\u00edn\u011bn\u00e9ho kulturn\u00edho d\u011bdictv\u00ed nejen trvale pe\u010dovat, ale \u017ee ho bude d\u00e1le rozv\u00edjet. V\u017edy\u0165 pr\u016fm\u011brn\u00fd v\u011bk hr\u00e1\u010d\u016f Kube\u0161ovanky se pohybuje kolem pouh\u00fdch dvaceti rok\u016f! Pravou jiho\u010deskou dechovku hraj\u00ed r\u00e1di, p\u0159ednes jej\u00edch osv\u011bd\u010den\u00fdch hit\u016f si cht\u011bj\u00ed u\u017e\u00edt a skladb\u00e1m Ladislava Kube\u0161e a jiho\u010desk\u00e9 dechov\u00e9 hudb\u011b v\u016fbec tak doufaj\u00ed prodlou\u017eit \u017eivot co nejd\u00e9le. K radosti i\u00a0p\u0159\u00ed\u0161t\u00edch generac\u00ed.<\/p><p><strong>Marc \u00d6sterreicher &#8211; kapeln\u00edk<\/strong><br \/><a href=\"mailto:office@tk-brand.at\">office@tk-brand.at<\/a><br \/><a href=\"http:\/\/www.tk-brand.at\" target=\"_blank\" rel=\"noopener\">www.tk-brand.at<\/a><\/p>\t\t\t\t\t\t\t\t<\/div>\n\t\t\t\t<\/div>\n\t\t\t\t\t<\/div>\n\t\t\t\t<\/div>\n\t\t<div class=\"elementor-element elementor-element-0f2b957 e-flex e-con-boxed e-con e-parent\" data-id=\"0f2b957\" data-element_type=\"container\">\n\t\t\t\t\t<div class=\"e-con-inner\">\n\t\t\t\t<div class=\"elementor-element elementor-element-19ce734 elementor-widget-divider--view-line elementor-widget elementor-widget-divider\" data-id=\"19ce734\" data-element_type=\"widget\" data-widget_type=\"divider.default\">\n\t\t\t\t\t\t\t<div class=\"elementor-divider\">\n\t\t\t<span class=\"elementor-divider-separator\">\n\t\t\t\t\t\t<\/span>\n\t\t<\/div>\n\t\t\t\t\t\t<\/div>\n\t\t\t\t\t<\/div>\n\t\t\t\t<\/div>\n\t\t<div class=\"elementor-element elementor-element-8745891 e-flex e-con-boxed e-con e-parent\" data-id=\"8745891\" data-element_type=\"container\">\n\t\t\t\t\t<div class=\"e-con-inner\">\n\t\t<div class=\"elementor-element elementor-element-7d05866 e-con-full e-flex e-con e-child\" data-id=\"7d05866\" data-element_type=\"container\">\n\t\t\t\t<div class=\"elementor-element elementor-element-59dec7c elementor-widget elementor-widget-image\" data-id=\"59dec7c\" data-element_type=\"widget\" data-widget_type=\"image.default\">\n\t\t\t\t\t\t\t\t\t\t\t\t\t\t\t<img loading=\"lazy\" decoding=\"async\" width=\"768\" height=\"504\" src=\"https:\/\/www.kubesovyborkovice.cz\/wp-content\/uploads\/2024\/03\/veselka-768x504.jpg\" class=\"attachment-medium_large size-medium_large wp-image-165\" alt=\"\" srcset=\"https:\/\/www.kubesovyborkovice.cz\/wp-content\/uploads\/2024\/03\/veselka-768x504.jpg 768w, https:\/\/www.kubesovyborkovice.cz\/wp-content\/uploads\/2024\/03\/veselka-300x197.jpg 300w, https:\/\/www.kubesovyborkovice.cz\/wp-content\/uploads\/2024\/03\/veselka-1024x673.jpg 1024w, https:\/\/www.kubesovyborkovice.cz\/wp-content\/uploads\/2024\/03\/veselka-1536x1009.jpg 1536w, https:\/\/www.kubesovyborkovice.cz\/wp-content\/uploads\/2024\/03\/veselka-2048x1345.jpg 2048w\" sizes=\"(max-width: 768px) 100vw, 768px\" \/>\t\t\t\t\t\t\t\t\t\t\t\t\t\t\t<\/div>\n\t\t\t\t<div class=\"elementor-element elementor-element-4f31186 elementor-widget elementor-widget-image\" data-id=\"4f31186\" data-element_type=\"widget\" data-widget_type=\"image.default\">\n\t\t\t\t\t\t\t\t\t\t\t\t\t\t\t<img loading=\"lazy\" decoding=\"async\" width=\"843\" height=\"562\" src=\"https:\/\/www.kubesovyborkovice.cz\/wp-content\/uploads\/2024\/03\/blanka-iva.jpg\" class=\"attachment-large size-large wp-image-352\" alt=\"\" srcset=\"https:\/\/www.kubesovyborkovice.cz\/wp-content\/uploads\/2024\/03\/blanka-iva.jpg 900w, https:\/\/www.kubesovyborkovice.cz\/wp-content\/uploads\/2024\/03\/blanka-iva-300x200.jpg 300w, https:\/\/www.kubesovyborkovice.cz\/wp-content\/uploads\/2024\/03\/blanka-iva-768x512.jpg 768w\" sizes=\"(max-width: 843px) 100vw, 843px\" \/>\t\t\t\t\t\t\t\t\t\t\t\t\t\t\t<\/div>\n\t\t<div class=\"elementor-element elementor-element-ca8a178 e-grid e-con-boxed e-con e-child\" data-id=\"ca8a178\" data-element_type=\"container\">\n\t\t\t\t\t<div class=\"e-con-inner\">\n\t\t\t\t<div class=\"elementor-element elementor-element-a2f5e26 elementor-widget elementor-widget-image\" data-id=\"a2f5e26\" data-element_type=\"widget\" data-widget_type=\"image.default\">\n\t\t\t\t\t\t\t\t\t\t\t\t\t\t\t<img decoding=\"async\" src=\"https:\/\/www.kubesovyborkovice.cz\/wp-content\/uploads\/2024\/03\/lubomir-jech.jpg\" title=\"lubomir-jech\" alt=\"lubomir-jech\" loading=\"lazy\" \/>\t\t\t\t\t\t\t\t\t\t\t\t\t\t\t<\/div>\n\t\t\t\t<div class=\"elementor-element elementor-element-e9035b0 elementor-widget elementor-widget-image\" data-id=\"e9035b0\" data-element_type=\"widget\" data-widget_type=\"image.default\">\n\t\t\t\t\t\t\t\t\t\t\t\t\t\t\t<img decoding=\"async\" src=\"https:\/\/www.kubesovyborkovice.cz\/wp-content\/uploads\/2024\/03\/ivan-radosta.jpg\" title=\"ivan-radosta\" alt=\"ivan-radosta\" loading=\"lazy\" \/>\t\t\t\t\t\t\t\t\t\t\t\t\t\t\t<\/div>\n\t\t\t\t<div class=\"elementor-element elementor-element-ba8f9bb elementor-widget elementor-widget-image\" data-id=\"ba8f9bb\" data-element_type=\"widget\" data-widget_type=\"image.default\">\n\t\t\t\t\t\t\t\t\t\t\t\t\t\t\t<img loading=\"lazy\" decoding=\"async\" width=\"451\" height=\"600\" src=\"https:\/\/www.kubesovyborkovice.cz\/wp-content\/uploads\/2024\/03\/josef-oplt.jpg\" class=\"attachment-large size-large wp-image-354\" alt=\"\" srcset=\"https:\/\/www.kubesovyborkovice.cz\/wp-content\/uploads\/2024\/03\/josef-oplt.jpg 451w, https:\/\/www.kubesovyborkovice.cz\/wp-content\/uploads\/2024\/03\/josef-oplt-226x300.jpg 226w\" sizes=\"(max-width: 451px) 100vw, 451px\" \/>\t\t\t\t\t\t\t\t\t\t\t\t\t\t\t<\/div>\n\t\t\t\t\t<\/div>\n\t\t\t\t<\/div>\n\t\t\t\t<\/div>\n\t\t<div class=\"elementor-element elementor-element-7f92e33 e-con-full e-flex e-con e-child\" data-id=\"7f92e33\" data-element_type=\"container\">\n\t\t\t\t<div class=\"elementor-element elementor-element-6b23999 elementor-widget elementor-widget-text-editor\" data-id=\"6b23999\" data-element_type=\"widget\" data-widget_type=\"text-editor.default\">\n\t\t\t\t\t\t\t\t\t<h4>VESELKA LADISLAVA KUBE\u0160E<br \/><em>Dechov\u00e1 hudba v\u00a0t\u00e9 nejlep\u0161\u00ed kvalit\u011b<\/em><\/h4><p>Je vynikaj\u00edc\u00ed a v\u0161ude \u2013 doma i v zahrani\u010d\u00ed \u2013 \u017e\u00e1dan\u00fd dechov\u00fd orchestr z Prahy. U jeho zrodu v roce 1981 st\u00e1l jiho\u010desk\u00fd skladatel Ladislav Kube\u0161 star\u0161\u00ed (1924 \u2013 1998). Pod jm\u00e9nem Veselka Ladislava Kube\u0161e kapela ve\u0159ejn\u011b vystupuje a\u00a0studiov\u011b nat\u00e1\u010d\u00ed od roku 1981, kdy v n\u011bm pod veden\u00edm Ladislava Kube\u0161e mlad\u0161\u00edho, po l\u00e9ta kontrabasisty opern\u00edho orchestru presti\u017en\u00edho N\u00e1rodn\u00edho divadla v Praze, za\u010dali hr\u00e1t jeho profesion\u00e1ln\u00ed kolegov\u00e9, sam\u00ed \u0161pi\u010dkov\u00ed hudebn\u00edci. Tak\u00e9 p\u011bve\u010dt\u00ed s\u00f3list\u00e9 pat\u0159\u00ed k nejlep\u0161\u00edm, kte\u0159\u00ed v \u010cesk\u00e9 republice v\u00a0\u017e\u00e1nru dechov\u00e9 hudby p\u016fsob\u00ed. Dramaturgie a reperto\u00e1r orchestru vych\u00e1z\u00ed p\u0159edev\u0161\u00edm z autorsk\u00e9ho odkazu Ladislava Kube\u0161e otce a obecn\u011bji v\u016fbec z\u00a0melodiky jiho\u010desk\u00e9ho folkl\u00f3ru, jeho\u017e byl sb\u011bratelem a piln\u00fdm upravovatelem, roz\u0161i\u0159uje se v\u0161ak o jeho hudebn\u00ed n\u00e1sledovn\u00edky, a\u0165 u\u017e d\u00e1vno zn\u00e1m\u00e9, nebo iniciativn\u011b vyhled\u00e1van\u00e9. \u010cty\u0159icet, vlastn\u011b u\u017e v\u00edce ne\u017e \u010dty\u0159icet let pr\u00e1ce, za kterou se m\u016f\u017ee Veselka ohl\u00ed\u017eet s nezpochybnitelnou hrdost\u00ed, p\u0159id\u011bluje j\u00ed zn\u00e1mku nejvy\u0161\u0161\u00ed jakosti a trvale j\u00ed opatruje a roz\u0161i\u0159uje zaslou\u017eenou popularitu. V Borkovic\u00edch si s Veselkou zazp\u00edvaj\u00ed jej\u00ed zp\u011bv\u00e1ci Ivana Ro\u010dkov\u00e1, Blanka T\u016fmov\u00e1, Lubom\u00edr Jech a host\u00e9 Ivan Radosta s\u00a0Josefem Opltem.<\/p><p><strong>Ladislav Kube\u0161 &#8211; kapeln\u00edk<br \/><\/strong><a href=\"mailto:kubes@kubes.eu\">kubes@kubes.eu<\/a><br \/><a href=\"http:\/\/www.veselka.cz\" target=\"_blank\" rel=\"noopener\">www.veselka.cz<\/a><\/p>\t\t\t\t\t\t\t\t<\/div>\n\t\t\t\t<\/div>\n\t\t\t\t\t<\/div>\n\t\t\t\t<\/div>\n\t\t<div class=\"elementor-element elementor-element-dc5212c e-flex e-con-boxed e-con e-parent\" data-id=\"dc5212c\" data-element_type=\"container\">\n\t\t\t\t\t<div class=\"e-con-inner\">\n\t\t\t\t<div class=\"elementor-element elementor-element-461ca11 elementor-widget-divider--view-line elementor-widget elementor-widget-divider\" data-id=\"461ca11\" data-element_type=\"widget\" data-widget_type=\"divider.default\">\n\t\t\t\t\t\t\t<div class=\"elementor-divider\">\n\t\t\t<span class=\"elementor-divider-separator\">\n\t\t\t\t\t\t<\/span>\n\t\t<\/div>\n\t\t\t\t\t\t<\/div>\n\t\t\t\t\t<\/div>\n\t\t\t\t<\/div>\n\t\t<div class=\"elementor-element elementor-element-d587b7e e-flex e-con-boxed e-con e-parent\" data-id=\"d587b7e\" data-element_type=\"container\">\n\t\t\t\t\t<div class=\"e-con-inner\">\n\t\t<div class=\"elementor-element elementor-element-6e3a28f e-con-full e-flex e-con e-child\" data-id=\"6e3a28f\" data-element_type=\"container\">\n\t\t\t\t<div class=\"elementor-element elementor-element-c2666b9 elementor-widget elementor-widget-image\" data-id=\"c2666b9\" data-element_type=\"widget\" data-widget_type=\"image.default\">\n\t\t\t\t\t\t\t\t\t\t\t\t\t\t\t<img loading=\"lazy\" decoding=\"async\" width=\"768\" height=\"1155\" src=\"https:\/\/www.kubesovyborkovice.cz\/wp-content\/uploads\/2024\/03\/milon-cepelka-s-pivem-768x1155.jpg\" class=\"attachment-medium_large size-medium_large wp-image-356\" alt=\"\" srcset=\"https:\/\/www.kubesovyborkovice.cz\/wp-content\/uploads\/2024\/03\/milon-cepelka-s-pivem-768x1155.jpg 768w, https:\/\/www.kubesovyborkovice.cz\/wp-content\/uploads\/2024\/03\/milon-cepelka-s-pivem-199x300.jpg 199w, https:\/\/www.kubesovyborkovice.cz\/wp-content\/uploads\/2024\/03\/milon-cepelka-s-pivem-681x1024.jpg 681w, https:\/\/www.kubesovyborkovice.cz\/wp-content\/uploads\/2024\/03\/milon-cepelka-s-pivem-1021x1536.jpg 1021w, https:\/\/www.kubesovyborkovice.cz\/wp-content\/uploads\/2024\/03\/milon-cepelka-s-pivem-1361x2048.jpg 1361w, https:\/\/www.kubesovyborkovice.cz\/wp-content\/uploads\/2024\/03\/milon-cepelka-s-pivem.jpg 1396w\" sizes=\"(max-width: 768px) 100vw, 768px\" \/>\t\t\t\t\t\t\t\t\t\t\t\t\t\t\t<\/div>\n\t\t\t\t<\/div>\n\t\t<div class=\"elementor-element elementor-element-db8b2b9 e-con-full e-flex e-con e-child\" data-id=\"db8b2b9\" data-element_type=\"container\">\n\t\t\t\t<div class=\"elementor-element elementor-element-e594242 elementor-widget elementor-widget-text-editor\" data-id=\"e594242\" data-element_type=\"widget\" data-widget_type=\"text-editor.default\">\n\t\t\t\t\t\t\t\t\t<h4>Milo\u0148 \u010cepelka<\/h4><p>Slavnostn\u00ed borkovick\u00fd koncert ke 100. v\u00fdro\u010d\u00ed narozen\u00ed hudebn\u00edho skladatele Ladislava Kube\u0161e bude slovem uv\u00e1d\u011bt Milo\u0148 \u010cepelka, autor \u0159ady ver\u0161ov\u00fdch sb\u00edrek, knih pov\u00eddek, n\u011bkolika novel, jednoho m\u00e1lem rom\u00e1nu, operetn\u00edho libreta, filmov\u00fdch a televizn\u00edch sc\u00e9n\u00e1\u0159\u016f, herec pra\u017esk\u00e9ho Divadla J\u00e1ry Cimrmana (dokonce jeden z\u00a0jeho zakladatel\u016f). Zvl\u00e1\u0161tn\u00ed p\u0159\u00edpad: p\u016fvodn\u011b u\u010ditel, pak rozhlasov\u00fd redaktor, dnes d\u00e1vno d\u016fchodce, kter\u00fd m\u00e1 r\u00e1d dechovou hudbu a\u00a0s\u00a0chut\u00ed p\u00ed\u0161e i\u00a0texty k\u00a0p\u00edsni\u010dk\u00e1m pro\u00a0ni. Na ot\u00e1zku, pro\u010d hon\u00ed tolik zaj\u00edc\u016f najednou, odpov\u011bd\u011bl stru\u010dn\u011b, \u017ee ho to bav\u00ed. Jeho texta\u0159sk\u00fd profil je na dvou CD Kube\u0161ovy Veselky: POJ\u010e SE MNOU, MARJ\u00c1NKO (k\u00a065.narozenin\u00e1m) a\u00a0P\u0158\u00c1TEL\u016eM (k\u00a0sedmdes\u00e1tin\u00e1m), nejv\u00edce v\u0161ak na nov\u00e9m dvojc\u00e9d\u00e9 MILO\u0147 \u010cEPELKA SLAV\u00cd S\u00a0VESELKOU 80, kde je p\u00edsni\u010dek s\u00a0jeho texty rovn\u00fdch p\u011bta\u010dty\u0159icet. \u0158ada se jich dostala i\u00a0na dvojc\u00e9d\u00e9 POLKO, V\u00cdTEJ N\u00c1M! vydan\u00e9 k\u00a0osmdes\u00e1tin\u00e1m skladatele Jaroslava Zemana. Na p\u0159\u00e1n\u00ed kapeln\u00edka Veselky Ladislava Kube\u0161e mlad\u0161\u00edho napsal i\u00a0texty k\u00a0melodi\u00edm jeho otce nalezen\u00fdm v\u00a0poz\u016fstalosti nebo t\u00edm prom\u011bnil v\u00a0p\u00edsni\u010dky n\u011bkter\u00e9 jeho orchestr\u00e1lky. Krom\u011b toho je autorem knihy MOJE \u010cESK\u00c1 VLAST, kterou Kube\u0161ovo hudebn\u00ed vydavatelstv\u00ed ve\u00a0spolupr\u00e1ci s rakousk\u00fdm nakladatelem Gerhardem Sulyokem vydalo v\u00a0roce 2015 (v\u00a0\u010desk\u00e9 a\u00a0n\u011bmeck\u00e9 verzi) a\u00a0milovn\u00edk\u016fm dechov\u00e9 hudby t\u00edm p\u0159ibl\u00ed\u017eilo \u017eivot a pr\u00e1ci popul\u00e1rn\u00edho skladatele Ladislava Kube\u0161e. Na \u010cepelku m\u016f\u017eete vzpomenout i jako na autora a\u00a0pr\u016fvodce po\u0159ad\u016f Dechovkov\u00e1 hitpar\u00e1da (\u010cRo 2-Praha), Dechovka, to\u00a0je moje (\u010cRo \u010c.Bud\u011bjovice a \u010cRo Jihlava), P\u00edsni\u010dky s\u00a0Milon\u011bm (Radio Dechovka) a\u00a0dodnes ho m\u016f\u017eete poslouchat i\u00a0z\u00a0jeho Kni\u017en\u00ed hitpar\u00e1dy na Country radiu. Nedocen\u011bn\u00fd \u010desk\u00fd g\u00e9nius J\u00e1ra Cimrman m\u016f\u017ee m\u00edt ze sv\u00e9ho obl\u00edben\u00e9ho, v\u017edy dob\u0159e nalad\u011bn\u00e9ho slu\u017eebn\u00edka, na podzim u\u017e osmaosmdes\u00e1tn\u00edka Milon\u011b \u010cepelky, opravdu radost.<\/p><p><a href=\"https:\/\/www.kubes.eu\/o-nas\/spolupracovnici\/1-milon-cepelka\" target=\"_blank\" rel=\"noopener\">v\u00edce<\/a><\/p>\t\t\t\t\t\t\t\t<\/div>\n\t\t\t\t<\/div>\n\t\t\t\t\t<\/div>\n\t\t\t\t<\/div>\n\t\t\t\t<\/div>\n\t\t","protected":false},"excerpt":{"rendered":"<p>BABOUCI Babouci jsou nejstar\u0161\u00ed jiho\u010desk\u00e1 dechovka hraj\u00edc\u00ed nep\u0159etr\u017eit\u011b od roku 1868. Br\u00e1zd\u00ed celou \u010ceskou republiku a vystupovali i\u00a0v Rakousku, N\u011bmecku, Belgii a\u00a0na Slovensku. Jejich kapeln\u00edkem&hellip;<\/p>\n","protected":false},"author":1,"featured_media":0,"parent":0,"menu_order":0,"comment_status":"closed","ping_status":"closed","template":"","meta":{"footnotes":""},"class_list":["post-14","page","type-page","status-publish","hentry"],"_links":{"self":[{"href":"https:\/\/www.kubesovyborkovice.cz\/index.php?rest_route=\/wp\/v2\/pages\/14","targetHints":{"allow":["GET"]}}],"collection":[{"href":"https:\/\/www.kubesovyborkovice.cz\/index.php?rest_route=\/wp\/v2\/pages"}],"about":[{"href":"https:\/\/www.kubesovyborkovice.cz\/index.php?rest_route=\/wp\/v2\/types\/page"}],"author":[{"embeddable":true,"href":"https:\/\/www.kubesovyborkovice.cz\/index.php?rest_route=\/wp\/v2\/users\/1"}],"replies":[{"embeddable":true,"href":"https:\/\/www.kubesovyborkovice.cz\/index.php?rest_route=%2Fwp%2Fv2%2Fcomments&post=14"}],"version-history":[{"count":91,"href":"https:\/\/www.kubesovyborkovice.cz\/index.php?rest_route=\/wp\/v2\/pages\/14\/revisions"}],"predecessor-version":[{"id":523,"href":"https:\/\/www.kubesovyborkovice.cz\/index.php?rest_route=\/wp\/v2\/pages\/14\/revisions\/523"}],"wp:attachment":[{"href":"https:\/\/www.kubesovyborkovice.cz\/index.php?rest_route=%2Fwp%2Fv2%2Fmedia&parent=14"}],"curies":[{"name":"wp","href":"https:\/\/api.w.org\/{rel}","templated":true}]}}