{"id":2,"date":"2024-02-25T01:55:35","date_gmt":"2024-02-25T00:55:35","guid":{"rendered":"https:\/\/www.kubesovyborkovice.cz\/?page_id=2"},"modified":"2024-03-20T11:20:34","modified_gmt":"2024-03-20T10:20:34","slug":"home-cs","status":"publish","type":"page","link":"https:\/\/www.kubesovyborkovice.cz\/","title":{"rendered":"Kube\u0161ovy Borkovice 2024"},"content":{"rendered":"\t\t<div data-elementor-type=\"wp-page\" data-elementor-id=\"2\" class=\"elementor elementor-2\">\n\t\t\t\t<div class=\"elementor-element elementor-element-e6023ce e-flex e-con-boxed e-con e-parent\" data-id=\"e6023ce\" data-element_type=\"container\">\n\t\t\t\t\t<div class=\"e-con-inner\">\n\t\t<div class=\"elementor-element elementor-element-ed1a204 e-con-full e-flex e-con e-child\" data-id=\"ed1a204\" data-element_type=\"container\">\n\t\t\t\t<div class=\"elementor-element elementor-element-dcfd17f elementor-widget elementor-widget-image\" data-id=\"dcfd17f\" data-element_type=\"widget\" data-widget_type=\"image.default\">\n\t\t\t\t\t\t\t\t\t\t\t\t\t\t\t<img fetchpriority=\"high\" decoding=\"async\" width=\"724\" height=\"1024\" src=\"https:\/\/www.kubesovyborkovice.cz\/wp-content\/uploads\/2024\/03\/plaketa-zastita-hejtmana-724x1024.jpg\" class=\"attachment-large size-large wp-image-212\" alt=\"\" srcset=\"https:\/\/www.kubesovyborkovice.cz\/wp-content\/uploads\/2024\/03\/plaketa-zastita-hejtmana-724x1024.jpg 724w, https:\/\/www.kubesovyborkovice.cz\/wp-content\/uploads\/2024\/03\/plaketa-zastita-hejtmana-212x300.jpg 212w, https:\/\/www.kubesovyborkovice.cz\/wp-content\/uploads\/2024\/03\/plaketa-zastita-hejtmana-768x1086.jpg 768w, https:\/\/www.kubesovyborkovice.cz\/wp-content\/uploads\/2024\/03\/plaketa-zastita-hejtmana-1086x1536.jpg 1086w, https:\/\/www.kubesovyborkovice.cz\/wp-content\/uploads\/2024\/03\/plaketa-zastita-hejtmana-1448x2048.jpg 1448w, https:\/\/www.kubesovyborkovice.cz\/wp-content\/uploads\/2024\/03\/plaketa-zastita-hejtmana-scaled.jpg 1810w\" sizes=\"(max-width: 724px) 100vw, 724px\" \/>\t\t\t\t\t\t\t\t\t\t\t\t\t\t\t<\/div>\n\t\t\t\t<\/div>\n\t\t<div class=\"elementor-element elementor-element-752b88e e-con-full e-flex e-con e-child\" data-id=\"752b88e\" data-element_type=\"container\">\n\t\t\t\t<div class=\"elementor-element elementor-element-6bdde90 elementor-widget elementor-widget-image\" data-id=\"6bdde90\" data-element_type=\"widget\" data-widget_type=\"image.default\">\n\t\t\t\t\t\t\t\t\t\t\t\t\t\t\t<img decoding=\"async\" width=\"843\" height=\"482\" src=\"https:\/\/www.kubesovyborkovice.cz\/wp-content\/uploads\/2024\/03\/borkovice-ou-1024x586.jpg\" class=\"attachment-large size-large wp-image-224\" alt=\"\" srcset=\"https:\/\/www.kubesovyborkovice.cz\/wp-content\/uploads\/2024\/03\/borkovice-ou-1024x586.jpg 1024w, https:\/\/www.kubesovyborkovice.cz\/wp-content\/uploads\/2024\/03\/borkovice-ou-300x172.jpg 300w, https:\/\/www.kubesovyborkovice.cz\/wp-content\/uploads\/2024\/03\/borkovice-ou-768x440.jpg 768w, https:\/\/www.kubesovyborkovice.cz\/wp-content\/uploads\/2024\/03\/borkovice-ou-1536x879.jpg 1536w, https:\/\/www.kubesovyborkovice.cz\/wp-content\/uploads\/2024\/03\/borkovice-ou-2048x1172.jpg 2048w\" sizes=\"(max-width: 843px) 100vw, 843px\" \/>\t\t\t\t\t\t\t\t\t\t\t\t\t\t\t<\/div>\n\t\t\t\t<div class=\"elementor-element elementor-element-60d93e3 elementor-widget elementor-widget-text-editor\" data-id=\"60d93e3\" data-element_type=\"widget\" data-widget_type=\"text-editor.default\">\n\t\t\t\t\t\t\t\t\t<p>Borkovice jsou malebn\u00e1 obec uprost\u0159ed p\u0161eni\u010dn\u00fdch blat. Kultura, historie a sou\u010dasnost se zde snoub\u00ed na ka\u017ed\u00e9m kroku. Lidov\u00e9 zvyky a hudba je inspirac\u00ed pro vznik mnoha kr\u00e1sn\u00fdch skladeb i \u201edechovce\u201c. Na\u0161im rod\u00e1kem je pan Ladislav Kube\u0161 star\u0161\u00ed, autor nejedn\u00e9 z t\u011bchto skladeb. N\u00e1zev \u201eBorkovick\u00e1 polka\u201c k tomuto rodi\u0161ti p\u0159\u00edmo poukazuje. P\u0159ehl\u00eddka dechov\u00fdch hudeb m\u00e1 v na\u0161\u00ed obci velkou tradici. Oslava stolet\u00e9ho v\u00fdro\u010d\u00ed narozen\u00ed autora bude velkou kulturn\u00ed ud\u00e1lost\u00ed leto\u0161n\u00edho roku.<\/p><p><em>Petra Smol\u00edkov\u00e1, starostka obce Borkovice.<\/em><\/p>\t\t\t\t\t\t\t\t<\/div>\n\t\t\t\t<\/div>\n\t\t\t\t\t<\/div>\n\t\t\t\t<\/div>\n\t\t<div class=\"elementor-element elementor-element-fa3b0bd e-flex e-con-boxed e-con e-parent\" data-id=\"fa3b0bd\" data-element_type=\"container\">\n\t\t\t\t\t<div class=\"e-con-inner\">\n\t\t\t\t<div class=\"elementor-element elementor-element-b2a1bbd elementor-widget-divider--view-line elementor-widget elementor-widget-divider\" data-id=\"b2a1bbd\" data-element_type=\"widget\" data-widget_type=\"divider.default\">\n\t\t\t\t\t\t\t<div class=\"elementor-divider\">\n\t\t\t<span class=\"elementor-divider-separator\">\n\t\t\t\t\t\t<\/span>\n\t\t<\/div>\n\t\t\t\t\t\t<\/div>\n\t\t\t\t\t<\/div>\n\t\t\t\t<\/div>\n\t\t<div class=\"elementor-element elementor-element-f1bb9c0 e-flex e-con-boxed e-con e-parent\" data-id=\"f1bb9c0\" data-element_type=\"container\">\n\t\t\t\t\t<div class=\"e-con-inner\">\n\t\t\t\t<div class=\"elementor-element elementor-element-089f5b5 elementor-widget elementor-widget-text-editor\" data-id=\"089f5b5\" data-element_type=\"widget\" data-widget_type=\"text-editor.default\">\n\t\t\t\t\t\t\t\t\t<h3>POZV\u00c1NKA<\/h3><p>V\u00e1\u017een\u00ed p\u0159\u00e1tel\u00e9 hesla Dechovka, to je na\u0161e!, dovolte pros\u00edm, abych v\u00e1s pozval na hudebn\u00ed odpoledne, kter\u00fdm p\u0159ipomeneme a oslav\u00edme kulat\u00e9 st\u00e9 narozeniny m\u00e9ho otce a m\u00e9ho prvn\u00edho hudebn\u00edho u\u010ditele, LADISLAVA KUBE\u0160E star\u0161\u00edho. \u010cas je ne\u00faprosn\u00fd a ne\u00faplatn\u00fd, av\u0161ak n\u011bkdy nab\u00edz\u00ed i radost. To kdy\u017e si uv\u011bdom\u00edme, \u017ee pr\u00e1ce, kterou n\u011bkdo vykonal, nen\u00ed zapomenuta a nese dobr\u00e9 plody i po mnoha letech. Stovka rok\u016f od narozen\u00ed, by\u0165 nedo\u017eit\u00e1, potvrzuje jakost t\u00e9 vykonan\u00e9 pr\u00e1ce zvl\u00e1\u0161\u0165 v\u00fdrazn\u011b. Z borkovick\u00e9ho koncertu m\u00e1m obrovskou radost p\u0159edev\u0161\u00edm proto, \u017ee se uskute\u010dn\u00ed v otcov\u011b rodi\u0161ti. Domluvil jsem se na n\u011bm se starostkou Borkovic, s pan\u00ed Mgr. Petrou Smol\u00edkovou. Odpoledne ve 14 hodin 13. \u010cERVENCE tam bude hr\u00e1t nejen Veselka (zazp\u00edvaj\u00ed si s n\u00ed jej\u00ed zp\u011bv\u00e1ci Ivana Ro\u010dkov\u00e1, Blanka T\u016fmov\u00e1, Lubom\u00edr Jech a host\u00e9 Ivan Radosta s Josefem Opltem), ale i Babouci a Krajanka a z Rakouska KUBE\u0160OVANKA. Tak\u00e9 tam pok\u0159t\u00edme nov\u00e9 bilan\u010dn\u00ed album s otcov\u00fdmi p\u00edsni\u010dkami a skladbami, kter\u00fdch jsem vybral rovnou symbolickou STOVKU, zn\u00e1m\u00fdch i m\u00e9n\u011b zn\u00e1m\u00fdch, aby to bylo tak\u00e9 trochu p\u0159ekvapen\u00ed, a k dost\u00e1n\u00ed bude nejen cel\u00e1 produkce Kube\u0161ova hudebn\u00edho vydavatelstv\u00ed, ale i nov\u00fd Kalend\u00e1\u0159 dechov\u00fdch hudeb na rok 2025, kter\u00fd p\u0159edstav\u00ed jeho vydavatel V\u00e1clav Hlav\u00e1\u010dek, kapeln\u00edk Krajanky. <br \/>P\u0159ijedete a p\u0159ijdete? Ud\u011bl\u00e1te mi namoudu\u0161i velkou radost. D\u011bkuji v\u00e1m!<\/p><p><em>Ladislav Kube\u0161 syn.<\/em><\/p>\t\t\t\t\t\t\t\t<\/div>\n\t\t\t\t\t<\/div>\n\t\t\t\t<\/div>\n\t\t<div class=\"elementor-element elementor-element-d58527b e-flex e-con-boxed e-con e-parent\" data-id=\"d58527b\" data-element_type=\"container\">\n\t\t\t\t\t<div class=\"e-con-inner\">\n\t\t\t\t<div class=\"elementor-element elementor-element-dd6c126 elementor-widget-divider--view-line elementor-widget elementor-widget-divider\" data-id=\"dd6c126\" data-element_type=\"widget\" data-widget_type=\"divider.default\">\n\t\t\t\t\t\t\t<div class=\"elementor-divider\">\n\t\t\t<span class=\"elementor-divider-separator\">\n\t\t\t\t\t\t<\/span>\n\t\t<\/div>\n\t\t\t\t\t\t<\/div>\n\t\t\t\t\t<\/div>\n\t\t\t\t<\/div>\n\t\t<div class=\"elementor-element elementor-element-3b3346b e-flex e-con-boxed e-con e-parent\" data-id=\"3b3346b\" data-element_type=\"container\">\n\t\t\t\t\t<div class=\"e-con-inner\">\n\t\t\t\t<div class=\"elementor-element elementor-element-751b3f7 elementor-widget elementor-widget-image\" data-id=\"751b3f7\" data-element_type=\"widget\" data-widget_type=\"image.default\">\n\t\t\t\t\t\t\t\t\t\t\t\t\t\t\t<img decoding=\"async\" width=\"724\" height=\"1024\" src=\"https:\/\/www.kubesovyborkovice.cz\/wp-content\/uploads\/2024\/03\/plakat-kb2024-cz-724x1024.jpg\" class=\"attachment-large size-large wp-image-374\" alt=\"\" srcset=\"https:\/\/www.kubesovyborkovice.cz\/wp-content\/uploads\/2024\/03\/plakat-kb2024-cz-724x1024.jpg 724w, https:\/\/www.kubesovyborkovice.cz\/wp-content\/uploads\/2024\/03\/plakat-kb2024-cz-212x300.jpg 212w, https:\/\/www.kubesovyborkovice.cz\/wp-content\/uploads\/2024\/03\/plakat-kb2024-cz-768x1086.jpg 768w, https:\/\/www.kubesovyborkovice.cz\/wp-content\/uploads\/2024\/03\/plakat-kb2024-cz-1086x1536.jpg 1086w, https:\/\/www.kubesovyborkovice.cz\/wp-content\/uploads\/2024\/03\/plakat-kb2024-cz-1448x2048.jpg 1448w, https:\/\/www.kubesovyborkovice.cz\/wp-content\/uploads\/2024\/03\/plakat-kb2024-cz.jpg 1485w\" sizes=\"(max-width: 724px) 100vw, 724px\" \/>\t\t\t\t\t\t\t\t\t\t\t\t\t\t\t<\/div>\n\t\t\t\t\t<\/div>\n\t\t\t\t<\/div>\n\t\t\t\t<\/div>\n\t\t","protected":false},"excerpt":{"rendered":"<p>Borkovice jsou malebn\u00e1 obec uprost\u0159ed p\u0161eni\u010dn\u00fdch blat. Kultura, historie a sou\u010dasnost se zde snoub\u00ed na ka\u017ed\u00e9m kroku. Lidov\u00e9 zvyky a hudba je inspirac\u00ed pro vznik&hellip;<\/p>\n","protected":false},"author":1,"featured_media":0,"parent":0,"menu_order":0,"comment_status":"closed","ping_status":"closed","template":"","meta":{"footnotes":""},"class_list":["post-2","page","type-page","status-publish","hentry"],"_links":{"self":[{"href":"https:\/\/www.kubesovyborkovice.cz\/index.php?rest_route=\/wp\/v2\/pages\/2","targetHints":{"allow":["GET"]}}],"collection":[{"href":"https:\/\/www.kubesovyborkovice.cz\/index.php?rest_route=\/wp\/v2\/pages"}],"about":[{"href":"https:\/\/www.kubesovyborkovice.cz\/index.php?rest_route=\/wp\/v2\/types\/page"}],"author":[{"embeddable":true,"href":"https:\/\/www.kubesovyborkovice.cz\/index.php?rest_route=\/wp\/v2\/users\/1"}],"replies":[{"embeddable":true,"href":"https:\/\/www.kubesovyborkovice.cz\/index.php?rest_route=%2Fwp%2Fv2%2Fcomments&post=2"}],"version-history":[{"count":45,"href":"https:\/\/www.kubesovyborkovice.cz\/index.php?rest_route=\/wp\/v2\/pages\/2\/revisions"}],"predecessor-version":[{"id":379,"href":"https:\/\/www.kubesovyborkovice.cz\/index.php?rest_route=\/wp\/v2\/pages\/2\/revisions\/379"}],"wp:attachment":[{"href":"https:\/\/www.kubesovyborkovice.cz\/index.php?rest_route=%2Fwp%2Fv2%2Fmedia&parent=2"}],"curies":[{"name":"wp","href":"https:\/\/api.w.org\/{rel}","templated":true}]}}