{"id":280,"date":"2024-03-18T19:51:17","date_gmt":"2024-03-18T18:51:17","guid":{"rendered":"https:\/\/www.kubesovyborkovice.cz\/?page_id=280"},"modified":"2024-03-18T20:02:00","modified_gmt":"2024-03-18T19:02:00","slug":"kontakty","status":"publish","type":"page","link":"https:\/\/www.kubesovyborkovice.cz\/?page_id=280","title":{"rendered":"Kontakty"},"content":{"rendered":"\t\t<div data-elementor-type=\"wp-page\" data-elementor-id=\"280\" class=\"elementor elementor-280\">\n\t\t\t\t<div class=\"elementor-element elementor-element-df7d9f6 e-flex e-con-boxed e-con e-parent\" data-id=\"df7d9f6\" data-element_type=\"container\">\n\t\t\t\t\t<div class=\"e-con-inner\">\n\t\t\t\t<div class=\"elementor-element elementor-element-0bd0617 elementor-widget elementor-widget-text-editor\" data-id=\"0bd0617\" data-element_type=\"widget\" data-widget_type=\"text-editor.default\">\n\t\t\t\t\t\t\t\t\t<p><strong>Obec Borkovice<br \/><\/strong>Borkovice 31, 391 81 Vesel\u00ed nad Lu\u017enic\u00ed<br \/>Telefon: +420\u00a0381\u00a0255\u00a0091<br \/>E-mail: <a href=\"mailto:obec_borkovice@quick.cz\">obec_borkovice@quick.cz<\/a><\/p><p><strong>Mgr. Petra Smol\u00edkov\u00e1<\/strong>, starostka obce<br \/>telefon: +420 725 352 579<\/p><p><strong>Karel Kohout<\/strong><br \/>telefon: +420 721 655 439<br \/>(Po-P\u00e1 8,00 \u2013 12,00)<\/p><p><strong>Marie Klejmov\u00e1<\/strong><br \/>telefon: +420\u00a0775\u00a0963 100<br \/>(Po-P\u00e1 8,00 \u2013 12,00)<\/p><p><strong>Kube\u0161ovo hudebn\u00ed vydavatelstv\u00ed<br \/><\/strong>Staro\u00fajezdsk\u00e1 25, 190 16 Praha 9-\u00dajezd nad Lesy<br \/>Telefon: +420\u00a0602\u00a0166\u00a0777<br \/>E-mail: <a href=\"mailto:kubes@kubes.eu\">kubes@kubes.eu<\/a><br \/><a href=\"http:\/\/www.kubes.eu\/\">www.kubes.eu<\/a><\/p><p><strong>tuba musikverlag gmbh<br \/><\/strong>Steinamangererstra\u00dfe 187, A-7400 Oberwart<br \/>Telefon +43 (0)5 7101 200<br \/>E-mail: <a href=\"mailto:office@tuba-musikverlag.at\">office@tuba-musikverlag.at<\/a><br \/><a href=\"https:\/\/tuba-musikverlag.at\/\">https:\/\/tuba-musikverlag.at<\/a><\/p>\t\t\t\t\t\t\t\t<\/div>\n\t\t\t\t\t<\/div>\n\t\t\t\t<\/div>\n\t\t\t\t<\/div>\n\t\t","protected":false},"excerpt":{"rendered":"<p>Obec BorkoviceBorkovice 31, 391 81 Vesel\u00ed nad Lu\u017enic\u00edTelefon: +420\u00a0381\u00a0255\u00a0091E-mail: obec_borkovice@quick.cz Mgr. Petra Smol\u00edkov\u00e1, starostka obcetelefon: +420 725 352 579 Karel Kohouttelefon: +420 721 655 439(Po-P\u00e1&hellip;<\/p>\n","protected":false},"author":1,"featured_media":0,"parent":0,"menu_order":0,"comment_status":"closed","ping_status":"closed","template":"","meta":{"footnotes":""},"class_list":["post-280","page","type-page","status-publish","hentry"],"_links":{"self":[{"href":"https:\/\/www.kubesovyborkovice.cz\/index.php?rest_route=\/wp\/v2\/pages\/280","targetHints":{"allow":["GET"]}}],"collection":[{"href":"https:\/\/www.kubesovyborkovice.cz\/index.php?rest_route=\/wp\/v2\/pages"}],"about":[{"href":"https:\/\/www.kubesovyborkovice.cz\/index.php?rest_route=\/wp\/v2\/types\/page"}],"author":[{"embeddable":true,"href":"https:\/\/www.kubesovyborkovice.cz\/index.php?rest_route=\/wp\/v2\/users\/1"}],"replies":[{"embeddable":true,"href":"https:\/\/www.kubesovyborkovice.cz\/index.php?rest_route=%2Fwp%2Fv2%2Fcomments&post=280"}],"version-history":[{"count":13,"href":"https:\/\/www.kubesovyborkovice.cz\/index.php?rest_route=\/wp\/v2\/pages\/280\/revisions"}],"predecessor-version":[{"id":294,"href":"https:\/\/www.kubesovyborkovice.cz\/index.php?rest_route=\/wp\/v2\/pages\/280\/revisions\/294"}],"wp:attachment":[{"href":"https:\/\/www.kubesovyborkovice.cz\/index.php?rest_route=%2Fwp%2Fv2%2Fmedia&parent=280"}],"curies":[{"name":"wp","href":"https:\/\/api.w.org\/{rel}","templated":true}]}}