{"id":397,"date":"2024-03-20T11:49:31","date_gmt":"2024-03-20T10:49:31","guid":{"rendered":"https:\/\/www.kubesovyborkovice.cz\/?page_id=397"},"modified":"2024-04-03T09:56:45","modified_gmt":"2024-04-03T07:56:45","slug":"programm","status":"publish","type":"page","link":"https:\/\/www.kubesovyborkovice.cz\/?page_id=397&lang=de","title":{"rendered":"Programm"},"content":{"rendered":"\t\t<div data-elementor-type=\"wp-page\" data-elementor-id=\"397\" class=\"elementor elementor-397\">\n\t\t\t\t<div class=\"elementor-element elementor-element-5fcbced e-flex e-con-boxed e-con e-parent\" data-id=\"5fcbced\" data-element_type=\"container\">\n\t\t\t\t\t<div class=\"e-con-inner\">\n\t\t\t\t<div class=\"elementor-element elementor-element-6fa1f13 elementor-widget elementor-widget-text-editor\" data-id=\"6fa1f13\" data-element_type=\"widget\" data-widget_type=\"text-editor.default\">\n\t\t\t\t\t\t\t\t\t<h3><strong>Programm<br \/><\/strong><\/h3><p>14:00 Beginn<\/p><p>14:05 Krajanka<\/p><p>15:00 Babouci<\/p><p>16:00 Kube\u0161ovanka (\u00d6sterreich)<\/p><p>16:30 Veselka<\/p><p><strong>Moderator<\/strong>: Milo\u0148 \u010cepelka<\/p>\t\t\t\t\t\t\t\t<\/div>\n\t\t\t\t\t<\/div>\n\t\t\t\t<\/div>\n\t\t\t\t<\/div>\n\t\t","protected":false},"excerpt":{"rendered":"<p>Programm 14:00 Beginn 14:05 Krajanka 15:00 Babouci 16:00 Kube\u0161ovanka (\u00d6sterreich) 16:30 Veselka Moderator: Milo\u0148 \u010cepelka<\/p>\n","protected":false},"author":1,"featured_media":0,"parent":0,"menu_order":0,"comment_status":"closed","ping_status":"closed","template":"","meta":{"footnotes":""},"class_list":["post-397","page","type-page","status-publish","hentry"],"_links":{"self":[{"href":"https:\/\/www.kubesovyborkovice.cz\/index.php?rest_route=\/wp\/v2\/pages\/397","targetHints":{"allow":["GET"]}}],"collection":[{"href":"https:\/\/www.kubesovyborkovice.cz\/index.php?rest_route=\/wp\/v2\/pages"}],"about":[{"href":"https:\/\/www.kubesovyborkovice.cz\/index.php?rest_route=\/wp\/v2\/types\/page"}],"author":[{"embeddable":true,"href":"https:\/\/www.kubesovyborkovice.cz\/index.php?rest_route=\/wp\/v2\/users\/1"}],"replies":[{"embeddable":true,"href":"https:\/\/www.kubesovyborkovice.cz\/index.php?rest_route=%2Fwp%2Fv2%2Fcomments&post=397"}],"version-history":[{"count":13,"href":"https:\/\/www.kubesovyborkovice.cz\/index.php?rest_route=\/wp\/v2\/pages\/397\/revisions"}],"predecessor-version":[{"id":627,"href":"https:\/\/www.kubesovyborkovice.cz\/index.php?rest_route=\/wp\/v2\/pages\/397\/revisions\/627"}],"wp:attachment":[{"href":"https:\/\/www.kubesovyborkovice.cz\/index.php?rest_route=%2Fwp%2Fv2%2Fmedia&parent=397"}],"curies":[{"name":"wp","href":"https:\/\/api.w.org\/{rel}","templated":true}]}}