{"id":59,"date":"2024-03-12T17:10:49","date_gmt":"2024-03-12T16:10:49","guid":{"rendered":"https:\/\/www.kubesovyborkovice.cz\/?page_id=59"},"modified":"2024-07-29T10:24:39","modified_gmt":"2024-07-29T08:24:39","slug":"lkst-cs","status":"publish","type":"page","link":"https:\/\/www.kubesovyborkovice.cz\/?page_id=59","title":{"rendered":"Ladislav Kube\u0161"},"content":{"rendered":"\t\t<div data-elementor-type=\"wp-post\" data-elementor-id=\"59\" class=\"elementor elementor-59\">\n\t\t\t\t<div class=\"elementor-element elementor-element-bf85bdb e-flex e-con-boxed e-con e-parent\" data-id=\"bf85bdb\" data-element_type=\"container\">\n\t\t\t\t\t<div class=\"e-con-inner\">\n\t\t<div class=\"elementor-element elementor-element-69739d6 e-con-full e-flex e-con e-child\" data-id=\"69739d6\" data-element_type=\"container\">\n\t\t\t\t<div class=\"elementor-element elementor-element-eea4cf9 elementor-widget elementor-widget-image\" data-id=\"eea4cf9\" data-element_type=\"widget\" data-widget_type=\"image.default\">\n\t\t\t\t\t\t\t\t\t\t\t\t\t\t\t<img fetchpriority=\"high\" decoding=\"async\" width=\"749\" height=\"1024\" src=\"https:\/\/www.kubesovyborkovice.cz\/wp-content\/uploads\/2024\/03\/LKubes1985-web-749x1024.jpg\" class=\"attachment-large size-large wp-image-182\" alt=\"\" srcset=\"https:\/\/www.kubesovyborkovice.cz\/wp-content\/uploads\/2024\/03\/LKubes1985-web-749x1024.jpg 749w, https:\/\/www.kubesovyborkovice.cz\/wp-content\/uploads\/2024\/03\/LKubes1985-web-219x300.jpg 219w, https:\/\/www.kubesovyborkovice.cz\/wp-content\/uploads\/2024\/03\/LKubes1985-web-768x1050.jpg 768w, https:\/\/www.kubesovyborkovice.cz\/wp-content\/uploads\/2024\/03\/LKubes1985-web-1124x1536.jpg 1124w, https:\/\/www.kubesovyborkovice.cz\/wp-content\/uploads\/2024\/03\/LKubes1985-web-1498x2048.jpg 1498w, https:\/\/www.kubesovyborkovice.cz\/wp-content\/uploads\/2024\/03\/LKubes1985-web.jpg 1829w\" sizes=\"(max-width: 749px) 100vw, 749px\" \/>\t\t\t\t\t\t\t\t\t\t\t\t\t\t\t<\/div>\n\t\t\t\t<\/div>\n\t\t<div class=\"elementor-element elementor-element-04a2591 e-con-full e-flex e-con e-child\" data-id=\"04a2591\" data-element_type=\"container\">\n\t\t\t\t<div class=\"elementor-element elementor-element-14ca21e elementor-widget elementor-widget-text-editor\" data-id=\"14ca21e\" data-element_type=\"widget\" data-widget_type=\"text-editor.default\">\n\t\t\t\t\t\t\t\t\t<h4><a href=\"https:\/\/www.kubes.eu\/o-nas\/spolupracovnici\/1-ladislav-kubes\" target=\"_blank\" rel=\"noopener\">Ladislav Kube\u0161<\/a>\u00a0(1924 \u2013 1998)<\/h4><p>\u201ePov\u00edm v\u00e1m, pro\u010d m\u00e1m r\u00e1d dechovou hudbu a pro\u010d jsem j\u00ed oddan\u011b slou\u017eil: Proto\u017ee jej\u00edm z\u00e1kladem je dech. Bez dechu nen\u00ed \u017eivota, dech je tvo\u0159iv\u00e1 s\u00edla. Na\u0161i d\u011bdov\u00e9 a otcov\u00e9 to v\u011bd\u011bli, a kdo to chce dnes pop\u00edrat, je s\u00e1m proti sob\u011b. \u010cesk\u00e1 dechovka nezahyne, jej\u00ed kr\u00e1sn\u00e1 \u017eiv\u00e1 tradice to nedovol\u00ed.\u201c<\/p><p><em>Ladislav Kube\u0161.<\/em><\/p><p>Klasik, jeho\u017e jm\u00e9no z\u00e1\u0159\u00ed u n\u00e1s doma i v zahrani\u010d\u00ed. V\u0161ude se st\u00e1le hraj\u00ed jak jeho p\u00edsni\u010dky a \u00fapravy jiho\u010desk\u00fdch lidov\u00fdch p\u00edsn\u00ed, tak skladby orchestr\u00e1ln\u00ed. V\u00fd\u010det titul\u016f je dlouh\u00fd, zde si jako vzor p\u0159ipome\u0148me aspo\u0148 instrument\u00e1ln\u00ed <em>Jiho\u010deskou polku<\/em>, kter\u00e9 se v n\u011bmecky mluv\u00edc\u00edch zem\u00edch prodalo na milion kus\u016f, n\u00e1dhernou p\u00edsni\u010dku <em>Nad Lu\u017enic\u00ed sv\u00edt\u00e1<\/em> v t\u00e9m\u017ee rytmu nebo <em>Borkovickou polku<\/em> v\u011bnovanou pr\u00e1v\u011b jeho rodi\u0161ti. N\u011bkter\u00e1 z jeho skladeb nechyb\u00ed na \u017e\u00e1dn\u00e9m b\u011b\u017en\u00e9m albu Kube\u0161ova hudebn\u00edho vydavatelstv\u00ed, a jen jemu pat\u0159\u00ed CD Veselky N\u00c1\u0160 KAPELN\u00cdK (1994), dvojalbum TAT\u00cdNKOVI NA PAM\u00c1TKU z roku 2009 a v roce 2024 vydan\u00fd Set 4CD Ladislav Kube\u0161 \u2013 100 let &#8211; MOJE JI\u017dN\u00cd \u010cECHY, MOJE \u010cESK\u00c1 VLAST.<\/p>\t\t\t\t\t\t\t\t<\/div>\n\t\t\t\t<\/div>\n\t\t\t\t\t<\/div>\n\t\t\t\t<\/div>\n\t\t<div class=\"elementor-element elementor-element-eb96740 e-flex e-con-boxed e-con e-parent\" data-id=\"eb96740\" data-element_type=\"container\">\n\t\t\t\t\t<div class=\"e-con-inner\">\n\t\t\t\t<div class=\"elementor-element elementor-element-f8601cb elementor-widget elementor-widget-text-editor\" data-id=\"f8601cb\" data-element_type=\"widget\" data-widget_type=\"text-editor.default\">\n\t\t\t\t\t\t\t\t\t<h4>STOLET\u00dd LADISLAV KUBE\u0160<\/h4><p>23. \u00fanora 2024 uplynulo STO rok\u016f od narozen\u00ed m\u00e9ho tat\u00ednka Ladislava Kube\u0161e. P\u0159ipad\u00e1 mi to neuv\u011b\u0159iteln\u00e9, v\u017edy\u0165 a\u010dkoli tento sv\u011bt a sv\u00e9 milovan\u00e9 noty opustil u\u017e v l\u00e9t\u011b 1998, se mnou je st\u00e1le. A u\u017e nest\u00e1rne! Jen\u017ee \u010d\u00edsla neklamou a n\u011bkter\u00e1 maj\u00ed nav\u00edc magickou moc. STO pat\u0159\u00ed mezi n\u011b, a proto se, v\u00e1\u017een\u00ed milovn\u00edci \u010desk\u00e9 dechov\u00e9 hudby, nedivte, \u017ee m\u011b napadlo p\u0159ipravit k jeho STOTIN\u00c1M velk\u00e9 album s rovnou STOVKOU nahr\u00e1vek jeho p\u00edsni\u010dek a skladeb. Tak pohromad\u011b jich tolik je\u0161t\u011b nem\u00e1te a v\u011b\u0159\u00edm, \u017ee v takov\u00e9m celku nejl\u00e9pe vynikne t\u00e1tova neopakovateln\u00e1, origin\u00e1ln\u00ed muzikantsk\u00e1 n\u00e1paditost. STO zda\u0159il\u00fdch hudebn\u00edch drobnost\u00ed, a ka\u017ed\u00e1 jin\u00e1! V\u0161echny vyrostl\u00e9 z rodn\u00fdch jiho\u010desk\u00fdch ko\u0159en\u016f v Borkovic\u00edch, kter\u00e9 svou pevnost\u00ed a hrdost\u00ed pronikly za hranice a tam jeho (na\u0161\u00ed) \u010desk\u00e9 vlasti z\u00edsk\u00e1valy a z\u00edsk\u00e1vaj\u00ed dobr\u00e9 jm\u00e9no. Tak dobr\u00e9, \u017ee nap\u0159\u00edklad v sousedn\u00edm Doln\u00edm Rakousku za\u0159\u00eddili, aby se tradice \u201eJiho\u010desk\u00e9 dechov\u00e9 hudby v Brand-Nagelbergu\u201c dostala do jejich seznamu nehmotn\u00e9ho kulturn\u00edho d\u011bdictv\u00ed organizace OSN UNESCO. V Brandu dokonce maj\u00ed krojovanou kapelu, po otci pojmenovanou Kube\u0161ovanka, a pan J\u00fcrgen Uitz z Trachtenkapelle Brand tak vlastn\u011b pracoval za n\u00e1s, kdy\u017e o toto uzn\u00e1n\u00ed usiloval. Zaslou\u017e\u00ed si v\u0159el\u00e9 pod\u011bkov\u00e1n\u00ed.<\/p><p><em>Ladislav Kube\u0161 &#8211; syn, kapeln\u00edk, nakladatel.<\/em><\/p>\t\t\t\t\t\t\t\t<\/div>\n\t\t\t\t\t<\/div>\n\t\t\t\t<\/div>\n\t\t<div class=\"elementor-element elementor-element-76c438a e-flex e-con-boxed e-con e-parent\" data-id=\"76c438a\" data-element_type=\"container\">\n\t\t\t\t\t<div class=\"e-con-inner\">\n\t\t\t\t<div class=\"elementor-element elementor-element-9305c10 elementor-widget-divider--view-line elementor-widget elementor-widget-divider\" data-id=\"9305c10\" data-element_type=\"widget\" data-widget_type=\"divider.default\">\n\t\t\t\t\t\t\t<div class=\"elementor-divider\">\n\t\t\t<span class=\"elementor-divider-separator\">\n\t\t\t\t\t\t<\/span>\n\t\t<\/div>\n\t\t\t\t\t\t<\/div>\n\t\t\t\t\t<\/div>\n\t\t\t\t<\/div>\n\t\t<div class=\"elementor-element elementor-element-cc67752 e-flex e-con-boxed e-con e-parent\" data-id=\"cc67752\" data-element_type=\"container\">\n\t\t\t\t\t<div class=\"e-con-inner\">\n\t\t\t\t<div class=\"elementor-element elementor-element-52e5eec elementor-widget elementor-widget-text-editor\" data-id=\"52e5eec\" data-element_type=\"widget\" data-widget_type=\"text-editor.default\">\n\t\t\t\t\t\t\t\t\t<p>Pluj, obl\u00e1\u010dku, pluj, v d\u00e1li pozdravuj, <em>\u2026tam na sv\u00e9 pouti pozdravujte zemi\u2026<\/em>, tam na Han\u00e9\u2026 <em>ach, zemi kr\u00e1snou, zemi milovanou<\/em>\u2026, m\u00e1m srdce zadan\u00e9\u2026, <em>kol\u00e9bku mou i hrob m\u016fj, matku mou<\/em>\u2026, ten han\u00e1ck\u00fd kraj\u2026, <em>vlast jedinou i v d\u011bdictv\u00ed mi danou<\/em>\u2026, \u00farodn\u00fd je r\u00e1j\u2026, <em>\u0161irou tu zemi<\/em>\u2026, tam d\u00edvce von\u00ed ret jak rud\u00e9 r\u016f\u017ee kv\u011bt\u2026. <em>zemi jedinou<\/em>.<\/p><p>Promi\u0148te, v\u00e1\u017een\u00ed \u010dten\u00e1\u0159i, mo\u017en\u00e1 se durd\u00edte, klepete si rukou na \u010delo, jak jsem se mohl opov\u00e1\u017eit a propl\u00e9st ver\u0161e uzn\u00e1van\u00e9ho, zeso\u0161n\u011bl\u00e9ho (by\u0165 u\u017e d\u00e1vno b\u011b\u017en\u011b ne\u010dten\u00e9ho) klasika Karla Hynka M\u00e1chy se slovy texta\u0159ek a zp\u011bva\u010dek Sester Skovajsov\u00fdch, se slovy pat\u0159\u00edc\u00edmi k pouh\u00e9 oby\u010dejn\u00e9 polce Ladislava Kube\u0161e. (Jmenuje se <em>P\u0159erovanka<\/em>.) V\u017edy\u0165 to je p\u0159ece \u0161l\u00e1gr, hit \u010di prob\u016fh, jak se opovr\u017eliv\u011b \u0159\u00edk\u00e1valo, odrhova\u010dka! Nen\u00ed to do nebe k\u0159i\u010d\u00edc\u00ed znesv\u011bcen\u00ed b\u00e1sn\u00edka a nejapn\u00e9 pov\u00fd\u0161en\u00ed pouh\u00e9ho hudebn\u00edho zbo\u017e\u00ed? Dovolte mi napsat, \u017ee nen\u00ed. Nesouhlas\u00edm s takov\u00fdm n\u00e1zorem. A nev\u011b\u0159\u00edm, \u017ee byste si zrovna vy, milovn\u00edci dechov\u00e9 hudby a j\u00ed p\u0159\u00edbuzn\u00fdch \u017e\u00e1nr\u016f, n\u011bco takov\u00e9ho mysleli. A kdyby, pak tvrd\u00edm, \u017ee to je nedorozum\u011bn\u00ed. A pt\u00e1m se, kdy u\u017e kone\u010dn\u011b p\u0159estaneme d\u011blit um\u011bn\u00ed na vysok\u00e9, n\u00edzk\u00e9, posv\u011bcen\u00e9 a m\u00e9n\u011bcenn\u00e9, a kdy p\u0159ijmeme za sv\u00e9 prost\u00e9 m\u00edn\u011bn\u00ed, \u017ee dobr\u00e9mu v\u0161e dobr\u00e9 a \u017ee rozhoduj\u00edc\u00ed je zaprv\u00e9, vy\u0161lo-li to z rozumu a citu poctiv\u00e9ho (a\u010d to je, uzn\u00e1v\u00e1m, n\u011bkdy nepoznateln\u00e9 a nerozhodnuteln\u00e9, tak to pomi\u0148me), ale zadruh\u00e9, a to je podle m\u00e9ho hlavn\u00ed a jedin\u011b d\u016fle\u017eit\u00e9, bylo-li to n\u011bkomu pro radost, pro \u00fat\u011bchu, pro nalezen\u00ed \u010di udr\u017een\u00ed jeho du\u0161evn\u00ed rovnov\u00e1hy a chuti do \u017eivota. Pak u\u017e nez\u00e1le\u017e\u00ed na tom, jde-li o symfonii, operu nebo o t\u0159\u00edminutovou p\u00edsni\u010dku. V tomto v\u011bdom\u00ed namoudu\u0161i nevid\u00edm rozpor, jestli\u017ee b\u00e1sn\u00edk oslavuje \u0161irou zemi \u2013 s velikou pravd\u011bpodobnost\u00ed m\u00e1 ve ver\u0161\u00edch na mysli dokonce Zemi s velk\u00fdm Z, celou planetu \u2013 zat\u00edmco zm\u00edn\u011bn\u00e1 polka, veden\u00e1 podobn\u00fdm vn\u00edm\u00e1n\u00edm skute\u010dnosti, obdivuje se jen jednomu z na\u0161ich \u010deskomoravsk\u00fdch kraj\u016f. Z oboj\u00edho toti\u017e c\u00edt\u00edm \u00factu a l\u00e1sku. V\u0161ak nejen veleb\u00e1se\u0148 klasikovu p\u0159ijali \u010dten\u00e1\u0159i, recit\u00e1to\u0159i, zhudeb\u0148ovatel\u00e9 a ilustr\u00e1to\u0159i za svou, i <em>P\u0159erovanka<\/em> se t\u011b\u0161\u00ed p\u0159\u00edzni poslucha\u010d\u016f jak v na\u0161\u00ed vlasti, tak v zahrani\u010d\u00ed. A nejen ona. Tak\u00e9 mnoho dal\u0161\u00edch, kter\u00e9 vze\u0161ly z \u010dir\u00e9 invence jiho\u010desk\u00e9ho muzikanta Ladislava Kube\u0161e.<\/p><p><em>Milo\u0148 \u010cepelka.<\/em><\/p>\t\t\t\t\t\t\t\t<\/div>\n\t\t\t\t\t<\/div>\n\t\t\t\t<\/div>\n\t\t<div class=\"elementor-element elementor-element-9dd2b4d e-flex e-con-boxed e-con e-parent\" data-id=\"9dd2b4d\" data-element_type=\"container\">\n\t\t\t\t\t<div class=\"e-con-inner\">\n\t\t\t\t<div class=\"elementor-element elementor-element-5a29e06 elementor-widget-divider--view-line elementor-widget elementor-widget-divider\" data-id=\"5a29e06\" data-element_type=\"widget\" data-widget_type=\"divider.default\">\n\t\t\t\t\t\t\t<div class=\"elementor-divider\">\n\t\t\t<span class=\"elementor-divider-separator\">\n\t\t\t\t\t\t<\/span>\n\t\t<\/div>\n\t\t\t\t\t\t<\/div>\n\t\t\t\t\t<\/div>\n\t\t\t\t<\/div>\n\t\t<div class=\"elementor-element elementor-element-6349f11 e-flex e-con-boxed e-con e-parent\" data-id=\"6349f11\" data-element_type=\"container\">\n\t\t\t\t\t<div class=\"e-con-inner\">\n\t\t\t\t<div class=\"elementor-element elementor-element-60227c8 elementor-widget elementor-widget-text-editor\" data-id=\"60227c8\" data-element_type=\"widget\" data-widget_type=\"text-editor.default\">\n\t\t\t\t\t\t\t\t\t<p>Dne 23.\u00fanora 1924 bylo pr\u00fd kr\u00e1sn\u011b, nebe bez mr\u00e1\u010dk\u016f, kdy\u017e se v Borkovic\u00edch ve sv\u011btnici u Kube\u0161\u016f narodil zdrav\u00fd syn. K jeho kol\u00e9bce p\u0159i\u0161ly t\u0159i sudi\u010dky. Dv\u011b rychle pop\u0159\u00e1ly pevn\u00e9 zdrav\u00ed, hodn\u011b \u0161t\u011bst\u00ed a zmizely. Ta t\u0159et\u00ed chv\u00edli ml\u010dela a pak potichounku \u0159ekla: \u201eD\u00e1m ti, chlap\u010de, velkou l\u00e1sku \u2013 dobrou \u010deskou muziku. Pi\u0161 ji pro lid, kter\u00fd zp\u00edv\u00e1, jak by and\u011bl z k\u016fru hr\u00e1l, napi\u0161 nov\u00e9 melodie, potom bude\u0161 polek kr\u00e1l\u201c. Ano, p\u0159\u00e1tel\u00e9, v\u0161echna ta slova uzn\u00e1n\u00ed pr\u00e1vem pat\u0159\u00ed Ladislavu Kube\u0161ovi. Letos by oslavil sto let. D\u00edv\u00e1 se na n\u00e1s z muzikantsk\u00e9ho nebe a ur\u010dit\u011b m\u00e1 radost, \u017ee jeho skladby t\u011b\u0161\u00ed poslucha\u010de i dnes. Moje prvn\u00ed setk\u00e1n\u00ed s Ladislavem Kube\u0161em nebylo s n\u00edm osobn\u011b, ale s jeho polkou Jiho\u010desk\u00e1, kterou jsem poprv\u00e9 hr\u00e1l jako sedmn\u00e1ctilet\u00fd chlapec s kapelou Bohumila Zbo\u0159ila v Milotic\u00edch u Kyjova. Kdy\u017e jsem potom o rok pozd\u011bji zalo\u017eil dechovou hudbu Mist\u0159\u00ed\u0148anku, za\u010dal jsem po autorovi Jiho\u010desk\u00e9 polky p\u00e1trat. Tehdej\u0161\u00ed kapeln\u00edk vojensk\u00e9 hudby v Brn\u011b mn\u011b dal na Ladislava Kube\u0161e kontakt a spolupr\u00e1ce byla na sv\u011bt\u011b. P\u0159em\u00fd\u0161l\u00edm o tom, co n\u00e1s tak pevn\u011b spoutalo. P\u0159i setk\u00e1n\u00ed s n\u00edm jsem v\u017edy c\u00edtil na\u0161e hudebn\u00ed souzn\u011bn\u00ed. Bylo to pouto jeho osobn\u00edho vyzn\u00e1n\u00ed, kdy\u017e \u0159\u00edkal: \u201ePov\u00edm v\u00e1m, pro\u010d m\u00e1m r\u00e1d dechovou hudbu, pro\u010d j\u00ed oddan\u011b slou\u017e\u00edm: proto\u017ee jej\u00edm z\u00e1kladem je dech. Bez dechu nen\u00ed \u017eivot a dech je tvo\u0159iv\u00e1 s\u00edla. Na\u0161i d\u011bdov\u00e9 a otcov\u00e9 to v\u011bd\u011bli, a kdo to chce dnes pop\u00edrat, je s\u00e1m proti sob\u011b. \u010cesk\u00e1 dechovka nezahyne, jej\u00ed kr\u00e1sn\u00e1 \u017eiv\u00e1 tradice to nedovol\u00ed.\u201c Jeho slova jenom dopln\u00edm, \u017ee j\u00e1 si cel\u00fd \u017eivot tot\u00e9\u017e mysl\u00edm i o dechovce moravsk\u00e9. Mist\u0159\u00ed\u0148anka Kube\u0161ovy skladby v\u017edy hr\u00e1la, hraje je dodnes a ur\u010dit\u011b bude hr\u00e1t i nad\u00e1le. V jeho polk\u00e1ch se snoub\u00ed vesel\u00e9, j\u00e1sav\u00e9 melodie ji\u017en\u00edch \u010cech s muzikou na\u0161eho Slov\u00e1cka. Jeho val\u010d\u00edky a sousedsk\u00e9 potvrzuj\u00ed, \u017ee je osobit\u011b v\u011brn\u00fd sv\u00e9mu kraji. Zaduman\u00e9 melodie p\u0159ipom\u00ednaj\u00ed \u0161um\u011bn\u00ed hvozd\u016f \u0160umavy. Toto v\u0161e dok\u00e1\u017ee vyj\u00e1d\u0159it jen hudba a hlavn\u011b ten, kdo ji um\u00ed napsat. A pr\u00e1v\u011b takov\u00fdm um\u011blcem byl Ladislav Kube\u0161. Je velk\u00e1 \u0161koda, \u017ee takov\u00ed velik\u00e1ni \u010desk\u00e9 dechovky, mezi kter\u00e9 Ladislav Kube\u0161 bezesporu pat\u0159\u00ed, u\u017e nejsou mezi n\u00e1mi. Zapsal se zlat\u00fdm p\u00edsmem do historie \u010desk\u00e9 lidov\u00e9 hudby. Dechovce zanechal nesmrteln\u00e9 d\u00edlo, kter\u00e9 ho neust\u00e1le p\u0159ipom\u00edn\u00e1. Je pro m\u011b velkou ct\u00ed, \u017ee jsem s \u00factou a pokorou mohl toto sv\u00e9 vyzn\u00e1n\u00ed napsat.<\/p><p><em>Anton\u00edn Pavlu\u0161, kapeln\u00edk Mist\u0159\u00ed\u0148anky.<\/em><\/p>\t\t\t\t\t\t\t\t<\/div>\n\t\t\t\t\t<\/div>\n\t\t\t\t<\/div>\n\t\t<div class=\"elementor-element elementor-element-533cee4 e-flex e-con-boxed e-con e-parent\" data-id=\"533cee4\" data-element_type=\"container\">\n\t\t\t\t\t<div class=\"e-con-inner\">\n\t\t\t\t<div class=\"elementor-element elementor-element-e0c0269 elementor-widget-divider--view-line elementor-widget elementor-widget-divider\" data-id=\"e0c0269\" data-element_type=\"widget\" data-widget_type=\"divider.default\">\n\t\t\t\t\t\t\t<div class=\"elementor-divider\">\n\t\t\t<span class=\"elementor-divider-separator\">\n\t\t\t\t\t\t<\/span>\n\t\t<\/div>\n\t\t\t\t\t\t<\/div>\n\t\t\t\t\t<\/div>\n\t\t\t\t<\/div>\n\t\t<div class=\"elementor-element elementor-element-5cfb16a e-flex e-con-boxed e-con e-parent\" data-id=\"5cfb16a\" data-element_type=\"container\">\n\t\t\t\t\t<div class=\"e-con-inner\">\n\t\t\t\t<div class=\"elementor-element elementor-element-b8b2fb0 elementor-widget elementor-widget-text-editor\" data-id=\"b8b2fb0\" data-element_type=\"widget\" data-widget_type=\"text-editor.default\">\n\t\t\t\t\t\t\t\t\t<h4>M\u016fj jiho\u010desk\u00fd sen<\/h4><p>Jako mlad\u00fd hr\u00e1\u010d na bask\u0159\u00eddlovku (tenor) v ml\u00e1de\u017enick\u00e9 kapele Schlaining (Burgenland) jsem si nemohl p\u0159edstavit, \u017ee jedna polka, kterou s n\u00e1mi studoval n\u00e1\u0161 u\u010ditel a kapeln\u00edk Josef Hofer, bude m\u00edt takov\u00fd vliv na moji dal\u0161\u00ed hudebn\u00ed cestu. Jednotliv\u00e9 party t\u00e9to \u201e\u010desk\u00e9 polky\u201c, jak ji n\u00e1\u0161 u\u010ditel naz\u00fdval, byly ru\u010dn\u011b ps\u00e1ny zelen\u00fdm inkoustem. P\u0159ekr\u00e1sn\u00e9 trio pro s\u00f3lov\u00e9 tenory (bask\u0159\u00eddlovka a baryton) m\u011b nadchlo, a tak se narodila m\u00e1 l\u00e1ska k \u010desk\u00e9 dechov\u00e9 hudb\u011b. Podobnou zku\u0161enost jsem m\u011bl i jako mlad\u00fd hudebn\u00ed vydavatel, kdy\u017e jsem se koncem osmdes\u00e1t\u00fdch rok\u016f minul\u00e9ho stolet\u00ed dostal k dal\u0161\u00edm skladb\u00e1m jiho\u010desk\u00e9ho hudebn\u00edho skladatele Ladislava Kube\u0161e. Po n\u011bkolika jen telefonn\u00edch kontaktech n\u00e1sledovalo rychle tak\u00e9 osobn\u00ed shled\u00e1n\u00ed s n\u00edm v \u017d\u00ed\u0161ov\u011b. U\u017e p\u0159i prvn\u00ed j\u00edzd\u011b jiho\u010deskou krajnou jsem c\u00edtil s\u00edlu, kterou z n\u00ed Ladislav pro svou hudbu \u010derpal. To byl za\u010d\u00e1tek na\u0161\u00ed d\u016fv\u011brn\u00e9 spolupr\u00e1ce. Krom\u011b cel\u00e9 \u0159ady jeho skladeb, kter\u00e9 jsem ve sv\u00e9m vydavatelstv\u00ed tuba-musikverlag zve\u0159ejnil, za\u010dal jsem spolupracovat i s kapelou Veselka, kterou \u0159\u00edd\u00ed skladatel\u016fv syn Ladislav Kube\u0161 mlad\u0161\u00ed. Tato kapela prodala b\u011bhem na\u0161\u00ed spolupr\u00e1ce v\u00edc ne\u017e 1.000 000 CD a n\u011bkolikr\u00e1t jsem v po\u0159adu \u010cesk\u00e9 televize \u201eVeselka s Morav\u011bnkou U Flek\u016f\u201c p\u0159edal orchestru Zlatou desku, Multi-zlatou desku a jednou dokonce i Platinovou desku. Na Ladislavu Kube\u0161ovi jsem oce\u0148oval i jeho skromnost. Tv\u016frce tak kr\u00e1sn\u00fdch skladeb, kter\u00e9 hraj\u00ed milovn\u00edci dechovky po cel\u00e9m sv\u011bt\u011b, byl v\u017edycky p\u0159\u00e1telsk\u00fd, laskav\u00fd a velmi pohostinn\u00fd. St\u00e1le r\u00e1d vzpom\u00edn\u00e1m na na\u0161e setk\u00e1n\u00ed jak v \u017d\u00ed\u0161ov\u011b, tak v nedalek\u00fdch Borkovic\u00edch v chalup\u011b jeho syna nebo v Kube\u0161ov\u011b hudebn\u00edm vydavatelstv\u00ed v Praze. Mil\u00e9 byly tak\u00e9 na\u0161e spole\u010dn\u00e9 n\u00e1v\u0161t\u011bvy n\u011bkolika rozhlasov\u00fdch stanic v Rakousku a v ji\u017en\u00edm N\u011bmecku, kde ho moder\u00e1to\u0159i p\u0159edstavovali poslucha\u010d\u016fm jako obl\u00edben\u00e9ho a \u00fasp\u011b\u0161n\u00e9ho jiho\u010desk\u00e9ho skladatele. Byly to kr\u00e1sn\u00e9 \u010dasy. V\u017edy\u0165 navzdory protivenstv\u00ed a omezov\u00e1n\u00ed ze strany politick\u00e9ho syst\u00e9mu v jeho vlasti, trvaj\u00edc\u00edmu a\u017e do listopadu 1989, byla to pr\u00e1v\u011b hudba, je\u017e pom\u00e1hala jemu i cel\u00e9 jeho rodin\u011b d\u011blat \u017eivot radostn\u011bj\u0161\u00ed a spokojen\u011bj\u0161\u00ed. Jsem si jist, \u017ee hudba Ladislava Kube\u0161e bude poslucha\u010de je\u0161t\u011b dlouhou \u0159adu let t\u011b\u0161it a pom\u00e1hat jim, aby se v \u017eivot\u011b c\u00edtili dob\u0159e. Tak jako se to stalo mn\u011b, kdy\u017e jsem se u\u017e v ml\u00e1d\u00ed pro jeho muziku nadchl.<\/p><p>Drah\u00fd Ladislave, d\u011bkuji Ti!<br \/>Tv\u016fj p\u0159\u00edtel a obdivovatel<br \/><em>Gerhard Sulyok, tuba-musikverlag gmbh (A).<\/em><\/p>\t\t\t\t\t\t\t\t<\/div>\n\t\t\t\t\t<\/div>\n\t\t\t\t<\/div>\n\t\t<div class=\"elementor-element elementor-element-cbcb1ea e-flex e-con-boxed e-con e-parent\" data-id=\"cbcb1ea\" data-element_type=\"container\">\n\t\t\t\t\t<div class=\"e-con-inner\">\n\t\t\t\t<div class=\"elementor-element elementor-element-87b7dff elementor-widget-divider--view-line elementor-widget elementor-widget-divider\" data-id=\"87b7dff\" data-element_type=\"widget\" data-widget_type=\"divider.default\">\n\t\t\t\t\t\t\t<div class=\"elementor-divider\">\n\t\t\t<span class=\"elementor-divider-separator\">\n\t\t\t\t\t\t<\/span>\n\t\t<\/div>\n\t\t\t\t\t\t<\/div>\n\t\t\t\t\t<\/div>\n\t\t\t\t<\/div>\n\t\t<div class=\"elementor-element elementor-element-34f2306 e-flex e-con-boxed e-con e-parent\" data-id=\"34f2306\" data-element_type=\"container\">\n\t\t\t\t\t<div class=\"e-con-inner\">\n\t\t\t\t<div class=\"elementor-element elementor-element-e436d28 elementor-widget elementor-widget-text-editor\" data-id=\"e436d28\" data-element_type=\"widget\" data-widget_type=\"text-editor.default\">\n\t\t\t\t\t\t\t\t\t<p>Skladby Ladislava Kube\u0161e jsou citliv\u00e9 a vych\u00e1zej\u00ed ze srdce. Odr\u00e1\u017eej\u00ed jeho osobnost a jsou zasazeny do sv\u011bta, kde je doma: v ji\u017en\u00edch \u010cech\u00e1ch.<\/p><p><em>Hans-Peter von Siebenthal, Winterthur (CH).<\/em><\/p>\t\t\t\t\t\t\t\t<\/div>\n\t\t\t\t\t<\/div>\n\t\t\t\t<\/div>\n\t\t<div class=\"elementor-element elementor-element-6b1e236 e-flex e-con-boxed e-con e-parent\" data-id=\"6b1e236\" data-element_type=\"container\">\n\t\t\t\t\t<div class=\"e-con-inner\">\n\t\t\t\t<div class=\"elementor-element elementor-element-bd461b8 elementor-widget-divider--view-line elementor-widget elementor-widget-divider\" data-id=\"bd461b8\" data-element_type=\"widget\" data-widget_type=\"divider.default\">\n\t\t\t\t\t\t\t<div class=\"elementor-divider\">\n\t\t\t<span class=\"elementor-divider-separator\">\n\t\t\t\t\t\t<\/span>\n\t\t<\/div>\n\t\t\t\t\t\t<\/div>\n\t\t\t\t\t<\/div>\n\t\t\t\t<\/div>\n\t\t<div class=\"elementor-element elementor-element-a005431 e-flex e-con-boxed e-con e-parent\" data-id=\"a005431\" data-element_type=\"container\">\n\t\t\t\t\t<div class=\"e-con-inner\">\n\t\t\t\t<div class=\"elementor-element elementor-element-3d754b2 elementor-widget elementor-widget-text-editor\" data-id=\"3d754b2\" data-element_type=\"widget\" data-widget_type=\"text-editor.default\">\n\t\t\t\t\t\t\t\t\t<p><strong><em>\u00a0<\/em><\/strong>Jm\u00e9no Ladislava Kube\u0161e je neodmysliteln\u011b spjato s Trachtenkapelle Brand. Prvn\u00ed setk\u00e1n\u00ed s Ladislavem Kube\u0161em sen. v pov\u00e1le\u010dn\u00e9m obdob\u00ed je nutno v tehdej\u0161\u00edch politick\u00fdch podm\u00ednk\u00e1ch pova\u017eovat za legend\u00e1rn\u00ed. Z dne\u0161n\u00edho pohledu je t\u0159eba za zvl\u00e1\u0161tn\u00ed \u0161t\u011bst\u00ed pova\u017eovat fakt, \u017ee jsme m\u011bli mo\u017enost poznat \u201ekr\u00e1le Polky\u201c osobn\u011b a nechat se prakticky oslnit jeho unik\u00e1tn\u00edmi skladbami, stejn\u011b jako p\u0159\u00e1telstv\u00ed s celou rodinou, kter\u00e9 si u\u017e\u00edv\u00e1me dodnes. St\u00e1le hrajeme p\u016fvodn\u00ed \u2013 n\u011bkter\u00e9 i ru\u010dn\u011b psan\u00e9 \u2013 skladby Ladislava Kube\u0161e star\u0161\u00edho. Ne proto, \u017ee bychom nem\u011bli jin\u00e9 noty, ale proto, \u017ee t\u011bmito kousky se za\u017eehne jiskra a nad\u0161en\u00e9 je nejen publikum, ale i samotn\u00ed hudebn\u00edci. D\u00edky sv\u00e9 nad\u010dasov\u00e9 melodi\u010dnosti a vazb\u011b na svou vlast promlouvaj\u00ed k mnoha lidem ze sv\u011bta do du\u0161e. K\u00e9\u017e jiho\u010desk\u00e1 dechov\u00e1 hudba a zejm\u00e9na tvorba Ladislava Kube\u0161e i 100 let po jeho narozenin\u00e1ch, zejm\u00e9na v dob\u00e1ch, jako je tato a i v budoucnu bude nad\u00e1le p\u0159isp\u00edvat k p\u0159ekon\u00e1v\u00e1n\u00ed politick\u00fdch, soci\u00e1ln\u00edch, jazykov\u00fdch a n\u00e1rodnostn\u00edch rozd\u00edl\u016f.<\/p><p><em>J\u00fcrgen Uitz, Obmann der Trachtenkapelle Brand (A).<\/em><\/p>\t\t\t\t\t\t\t\t<\/div>\n\t\t\t\t\t<\/div>\n\t\t\t\t<\/div>\n\t\t\t\t<\/div>\n\t\t","protected":false},"excerpt":{"rendered":"<p>Ladislav Kube\u0161\u00a0(1924 \u2013 1998) \u201ePov\u00edm v\u00e1m, pro\u010d m\u00e1m r\u00e1d dechovou hudbu a pro\u010d jsem j\u00ed oddan\u011b slou\u017eil: Proto\u017ee jej\u00edm z\u00e1kladem je dech. Bez dechu nen\u00ed&hellip;<\/p>\n","protected":false},"author":1,"featured_media":0,"parent":0,"menu_order":0,"comment_status":"closed","ping_status":"closed","template":"","meta":{"footnotes":""},"class_list":["post-59","page","type-page","status-publish","hentry"],"_links":{"self":[{"href":"https:\/\/www.kubesovyborkovice.cz\/index.php?rest_route=\/wp\/v2\/pages\/59","targetHints":{"allow":["GET"]}}],"collection":[{"href":"https:\/\/www.kubesovyborkovice.cz\/index.php?rest_route=\/wp\/v2\/pages"}],"about":[{"href":"https:\/\/www.kubesovyborkovice.cz\/index.php?rest_route=\/wp\/v2\/types\/page"}],"author":[{"embeddable":true,"href":"https:\/\/www.kubesovyborkovice.cz\/index.php?rest_route=\/wp\/v2\/users\/1"}],"replies":[{"embeddable":true,"href":"https:\/\/www.kubesovyborkovice.cz\/index.php?rest_route=%2Fwp%2Fv2%2Fcomments&post=59"}],"version-history":[{"count":46,"href":"https:\/\/www.kubesovyborkovice.cz\/index.php?rest_route=\/wp\/v2\/pages\/59\/revisions"}],"predecessor-version":[{"id":644,"href":"https:\/\/www.kubesovyborkovice.cz\/index.php?rest_route=\/wp\/v2\/pages\/59\/revisions\/644"}],"wp:attachment":[{"href":"https:\/\/www.kubesovyborkovice.cz\/index.php?rest_route=%2Fwp%2Fv2%2Fmedia&parent=59"}],"curies":[{"name":"wp","href":"https:\/\/api.w.org\/{rel}","templated":true}]}}