{"id":633,"date":"2024-07-29T10:08:31","date_gmt":"2024-07-29T08:08:31","guid":{"rendered":"https:\/\/www.kubesovyborkovice.cz\/?page_id=633"},"modified":"2024-07-29T10:24:05","modified_gmt":"2024-07-29T08:24:05","slug":"ohlednuti","status":"publish","type":"page","link":"https:\/\/www.kubesovyborkovice.cz\/?page_id=633","title":{"rendered":"Ohl\u00e9dnut\u00ed"},"content":{"rendered":"\t\t<div data-elementor-type=\"wp-page\" data-elementor-id=\"633\" class=\"elementor elementor-633\">\n\t\t\t\t<div class=\"elementor-element elementor-element-fab6d9a e-flex e-con-boxed e-con e-parent\" data-id=\"fab6d9a\" data-element_type=\"container\">\n\t\t\t\t\t<div class=\"e-con-inner\">\n\t\t\t\t<div class=\"elementor-element elementor-element-5751f42 elementor-widget elementor-widget-text-editor\" data-id=\"5751f42\" data-element_type=\"widget\" data-widget_type=\"text-editor.default\">\n\t\t\t\t\t\t\t\t\t<h3>KUBE\u0160OVY BORKOVICE 2024 &#8211; Ohl\u00e9dnut\u00ed<\/h3><p>Ve vzpom\u00ednce na sobotn\u00ed hudebn\u00ed odpoledne 13.\u010dervence v jiho\u010desk\u00fdch Borkovic\u00edch mus\u00edm b\u00fdt osobn\u00ed, promi\u0148te. M\u011bl jsem p\u0159ed n\u00edm tr\u00e9mu, proto\u017ee jsem u\u017e na ja\u0159e k\u00fdvl na nab\u00eddku kapeln\u00edka Veselky L\u00e1di Kube\u0161e, abych p\u0159ipravovanou jubilejn\u00ed koncertn\u00ed slavnost uvedl slovem. Velmi a je\u0161t\u011b v\u00edc jsem si p\u0159\u00e1l, aby se vyda\u0159ila. V\u017edy\u0165 nad n\u00ed p\u0159evzal z\u00e1\u0161titu \u010deskobud\u011bjovick\u00fd hejtman MUDr. Martin Kuba a leto\u0161n\u00ed rok je nav\u00edc Rokem \u010desk\u00e9 hudby. T\u0159eba\u017ee se n\u011bkomu m\u016f\u017ee zd\u00e1t takov\u00e1 p\u0159edstava odv\u00e1\u017en\u00e1, jsem p\u0159esv\u011bd\u010den, \u017ee s\u00e1m letos dvousetlet\u00fd Bed\u0159ich Smetana by nev\u00e1hal poblahop\u0159\u00e1t Ladislavu Kube\u0161ovi k jeho polovi\u010dn\u00edm, sv\u00fdm zp\u016fsobem tak\u00e9 st\u00e1le mlad\u00fdm stotin\u00e1m. Hudba m\u00e1 mnoho tv\u00e1\u0159\u00ed a ani n\u00e1rodn\u00ed klasik B.S. kdysi nev\u00e1hal a slo\u017eil nejednu polku \u010di nejeden pochod. Jist\u011b by borkovick\u00e9mu rod\u00e1kovi, t\u011b\u017e\u00edc\u00edmu z t\u00e9\u017ee lidov\u00e9 hudebnosti jako on, vyslovil uzn\u00e1n\u00ed za jeho v\u00edce ne\u017e \u010dty\u0159i stovky vlastn\u00edch popul\u00e1rn\u00edch p\u00edsni\u010dek i k jejich \u00faprav\u00e1m pro dechov\u00e9 orchestry. P\u0159esto vyvst\u00e1valy otazn\u00edky a pochybnosti. Ty zmizely teprve, kdy\u017e jsem se z kryt\u00e9ho, k tomu \u00fa\u010delu zbudovan\u00e9ho koncertn\u00edho p\u00f3dia na borkovick\u00e9 n\u00e1vsi rozhl\u00e9dl a kam mi oko padlo, tam jsem vid\u011bl hlavy a hlavy nat\u011b\u0161en\u00fdch n\u00e1v\u0161t\u011bvn\u00edk\u016f. Nepo\u010d\u00edtal jsem je, nebylo t\u0159eba.<\/p><p>Za\u010d\u00ednalo se ve dv\u011b odpoledne. Prvn\u00ed hr\u00e1la Krajanka V\u00e1clava Hlav\u00e1\u010dka, pokra\u010dovali Babouci, pak z Rakouska p\u0159icestovav\u0161\u00ed Kube\u0161ovanka, u\u017e dlouho se hl\u00e1s\u00edc\u00ed ke Kube\u0161ovu muzikantsk\u00e9mu odkazu, a zakon\u010dovala Veselka oslavencova syna. Byl to sv\u00e1tek! D\u016fstojn\u00e1 p\u0159ipom\u00ednka a oslava, stvrzuj\u00edc\u00ed jakost i st\u00e1lou a zaslou\u017eenou oblibu melodick\u00e9 hudby, v tomto p\u0159\u00edpad\u011b radostn\u011b b\u0159eskn\u00e9, tojest dechov\u00e9. I v nebi se to muselo l\u00edbit, dokonce tak, \u017ee svat\u00fd Petr zapomn\u011bl hl\u00eddat mraky, a ty na n\u00e1s a na kamery televize \u0160l\u00e1gr, kter\u00e9 to v\u0161echno sn\u00edmaly, spustily sprchu. Sice a\u017e zhruba hodinku p\u0159ed z\u00e1v\u011brem, ale nep\u0159ej\u00edc\u00ed \u010derti si asi mnuli ruce. B\u00e1l jsem se t\u011b\u0161it n\u00e1hle mokr\u00e9 poslucha\u010de a div\u00e1ky hloup\u00fdm uji\u0161t\u011bn\u00edm, \u017ee zase uschnou, a\u0165 vytrvaj\u00ed, a na\u0161t\u011bst\u00ed jsem ani nemusel. Zato jsem jim aspo\u0148 vysekl poklonu, nebo\u0165 jen rozt\u00e1hli de\u0161tn\u00edky, pokud je m\u011bli p\u0159ipraven\u00e9, nebo se bez nich nahe\u010dmali do ob\u010derstvovac\u00edho a te\u010f kryc\u00edho stanu. A poslouchali a tleskali d\u00e1l. A s\u00f3list\u00e9 &#8211; Ta\u0165\u00e1na Radostov\u00e1, Blanka T\u016fmov\u00e1, Lubom\u00edr Jech, Josef Oplt a Ivan Radosta d\u00e1l zp\u00edvali, a v\u0161em n\u00e1m bylo dob\u0159e. Pr\u0161et p\u0159est\u00e1valo a znovu za\u010d\u00ednalo, ale muzikanti \u010de\u0161t\u00ed i rakou\u0161t\u00ed se na z\u00e1v\u011br p\u0159esto podle pl\u00e1nu shlukli a spole\u010dn\u011b je\u0161t\u011b zahr\u00e1li Borkovickou polku a lidovou Od T\u00e1bora a\u017e k n\u00e1m, dirigov\u00e1ni zahrani\u010dn\u00edmi hosty: ze \u0160v\u00fdcarska z cury\u0161sk\u00e9ho rozhlasu SRF Romanem Portmannem, z Rakouska Manfredem F\u00fcrnsinnem. (Pozn\u00e1mka: Pozd\u011bji jsem se dozv\u011bd\u011bl, \u017ee mezi hr\u00e1\u010di Kube\u0161ovanky byl tak\u00e9 jej\u00ed k\u0159\u00eddlov\u00e1k J\u00fcrgen Uitz, kter\u00fd za\u0159\u00eddil, \u017ee jiho\u010desk\u00e1 dechov\u00e1 hudba byla uzn\u00e1na za nehmotn\u00e9 kulturn\u00ed d\u011bdictv\u00ed organizace UNESCO, tak mu za to aspo\u0148 na d\u00e1lku dodate\u010dn\u011b d\u011bkuji. Kdy\u017e to nenapadlo n\u00e1s \u2026)<\/p><p>Pak jsme je\u0161t\u011b odjeli do Vesel\u00ed nad Lu\u017enic\u00ed na h\u0159bitov, kde Kube\u0161ova rodina polo\u017eila na jubilant\u016fv hrob velkou kytici, a znovu zn\u011bly i jeho t\u00f3ny p\u0159es mraky vzh\u016fru do nebe.<\/p><p>V\u011b\u0159\u00edm, \u017ee v\u0161ichni, kdo byli p\u0159\u00edtomni, vid\u011bli to koncertn\u00ed borkovick\u00e9 odpoledne podobn\u011b. Vzpom\u00ednat na dobr\u00e9 lidi a na jejich dobr\u00e9 d\u00edlo se m\u00e1. Po stu, po dvou stech i po v\u00edce letech, dokud pam\u011b\u0165 nov\u00fdch generac\u00ed slou\u017e\u00ed. Je to spr\u00e1vn\u00e9 na jejich pam\u00e1tku a je to prosp\u011b\u0161n\u00e9 pro zdrav\u00ed n\u00e1s vzpom\u00ednaj\u00edc\u00edch.<\/p><p><em>Milo\u0148 \u010cepelka.<\/em><\/p>\t\t\t\t\t\t\t\t<\/div>\n\t\t\t\t\t<\/div>\n\t\t\t\t<\/div>\n\t\t\t\t<\/div>\n\t\t","protected":false},"excerpt":{"rendered":"<p>KUBE\u0160OVY BORKOVICE 2024 &#8211; Ohl\u00e9dnut\u00ed Ve vzpom\u00ednce na sobotn\u00ed hudebn\u00ed odpoledne 13.\u010dervence v jiho\u010desk\u00fdch Borkovic\u00edch mus\u00edm b\u00fdt osobn\u00ed, promi\u0148te. M\u011bl jsem p\u0159ed n\u00edm tr\u00e9mu, proto\u017ee&hellip;<\/p>\n","protected":false},"author":1,"featured_media":0,"parent":0,"menu_order":0,"comment_status":"closed","ping_status":"closed","template":"","meta":{"footnotes":""},"class_list":["post-633","page","type-page","status-publish","hentry"],"_links":{"self":[{"href":"https:\/\/www.kubesovyborkovice.cz\/index.php?rest_route=\/wp\/v2\/pages\/633","targetHints":{"allow":["GET"]}}],"collection":[{"href":"https:\/\/www.kubesovyborkovice.cz\/index.php?rest_route=\/wp\/v2\/pages"}],"about":[{"href":"https:\/\/www.kubesovyborkovice.cz\/index.php?rest_route=\/wp\/v2\/types\/page"}],"author":[{"embeddable":true,"href":"https:\/\/www.kubesovyborkovice.cz\/index.php?rest_route=\/wp\/v2\/users\/1"}],"replies":[{"embeddable":true,"href":"https:\/\/www.kubesovyborkovice.cz\/index.php?rest_route=%2Fwp%2Fv2%2Fcomments&post=633"}],"version-history":[{"count":7,"href":"https:\/\/www.kubesovyborkovice.cz\/index.php?rest_route=\/wp\/v2\/pages\/633\/revisions"}],"predecessor-version":[{"id":641,"href":"https:\/\/www.kubesovyborkovice.cz\/index.php?rest_route=\/wp\/v2\/pages\/633\/revisions\/641"}],"wp:attachment":[{"href":"https:\/\/www.kubesovyborkovice.cz\/index.php?rest_route=%2Fwp%2Fv2%2Fmedia&parent=633"}],"curies":[{"name":"wp","href":"https:\/\/api.w.org\/{rel}","templated":true}]}}