{"id":721,"date":"2024-08-14T14:14:24","date_gmt":"2024-08-14T12:14:24","guid":{"rendered":"https:\/\/www.kubesovyborkovice.cz\/?page_id=721"},"modified":"2024-08-16T14:56:59","modified_gmt":"2024-08-16T12:56:59","slug":"fotky-a-videa","status":"publish","type":"page","link":"https:\/\/www.kubesovyborkovice.cz\/?page_id=721","title":{"rendered":"Fotky a videa"},"content":{"rendered":"\t\t<div data-elementor-type=\"wp-page\" data-elementor-id=\"721\" class=\"elementor elementor-721\">\n\t\t\t\t<div class=\"elementor-element elementor-element-41597d4 e-flex e-con-boxed e-con e-parent\" data-id=\"41597d4\" data-element_type=\"container\">\n\t\t\t\t\t<div class=\"e-con-inner\">\n\t\t\t\t<div class=\"elementor-element elementor-element-bc0646e elementor-arrows-position-inside elementor-widget elementor-widget-image-carousel\" data-id=\"bc0646e\" data-element_type=\"widget\" data-settings=\"{&quot;slides_to_show&quot;:&quot;1&quot;,&quot;navigation&quot;:&quot;arrows&quot;,&quot;autoplay_speed&quot;:8000,&quot;speed&quot;:800,&quot;autoplay&quot;:&quot;yes&quot;,&quot;pause_on_hover&quot;:&quot;yes&quot;,&quot;pause_on_interaction&quot;:&quot;yes&quot;,&quot;infinite&quot;:&quot;yes&quot;,&quot;effect&quot;:&quot;slide&quot;}\" data-widget_type=\"image-carousel.default\">\n\t\t\t\t\t\t\t<div class=\"elementor-image-carousel-wrapper swiper\" role=\"region\" aria-roledescription=\"carousel\" aria-label=\"Obr\u00e1zkov\u00fd koloto\u010d\" dir=\"ltr\">\n\t\t\t<div class=\"elementor-image-carousel swiper-wrapper\" aria-live=\"off\">\n\t\t\t\t\t\t\t\t<div class=\"swiper-slide\" role=\"group\" aria-roledescription=\"slide\" aria-label=\"1 z 37\"><figure class=\"swiper-slide-inner\"><img decoding=\"async\" class=\"swiper-slide-image\" src=\"https:\/\/www.kubesovyborkovice.cz\/wp-content\/uploads\/2024\/08\/001.jpg\" alt=\"Borkovick\u00e1 kaple: P\u0159ijdou? P\u0159ijedou?\" \/><figcaption class=\"elementor-image-carousel-caption\">Borkovick\u00e1 kaple: P\u0159ijdou? P\u0159ijedou?<\/figcaption><\/figure><\/div><div class=\"swiper-slide\" role=\"group\" aria-roledescription=\"slide\" aria-label=\"2 z 37\"><figure class=\"swiper-slide-inner\"><img decoding=\"async\" class=\"swiper-slide-image\" src=\"https:\/\/www.kubesovyborkovice.cz\/wp-content\/uploads\/2024\/08\/002.jpg\" alt=\"Pam\u011btn\u00ed plaketa na tento den\" \/><figcaption class=\"elementor-image-carousel-caption\">Pam\u011btn\u00ed plaketa na tento den<\/figcaption><\/figure><\/div><div class=\"swiper-slide\" role=\"group\" aria-roledescription=\"slide\" aria-label=\"3 z 37\"><figure class=\"swiper-slide-inner\"><img decoding=\"async\" class=\"swiper-slide-image\" src=\"https:\/\/www.kubesovyborkovice.cz\/wp-content\/uploads\/2024\/08\/003.jpg\" alt=\"Nedo\u010dkav\u00e9 p\u00f3dium, nedo\u010dkav\u00ed host\u00e9\" \/><figcaption class=\"elementor-image-carousel-caption\">Nedo\u010dkav\u00e9 p\u00f3dium, nedo\u010dkav\u00ed host\u00e9<\/figcaption><\/figure><\/div><div class=\"swiper-slide\" role=\"group\" aria-roledescription=\"slide\" aria-label=\"4 z 37\"><figure class=\"swiper-slide-inner\"><img decoding=\"async\" class=\"swiper-slide-image\" src=\"https:\/\/www.kubesovyborkovice.cz\/wp-content\/uploads\/2024\/08\/006_schody.jpg\" alt=\"Milo\u0148 \u010cepelka: U\u017e jen p\u00e1r schod\u016f\" \/><figcaption class=\"elementor-image-carousel-caption\">Milo\u0148 \u010cepelka: U\u017e jen p\u00e1r schod\u016f<\/figcaption><\/figure><\/div><div class=\"swiper-slide\" role=\"group\" aria-roledescription=\"slide\" aria-label=\"5 z 37\"><figure class=\"swiper-slide-inner\"><img decoding=\"async\" class=\"swiper-slide-image\" src=\"https:\/\/www.kubesovyborkovice.cz\/wp-content\/uploads\/2024\/08\/006.jpg\" alt=\"U\u017e to za\u010d\u00edn\u00e1\" \/><figcaption class=\"elementor-image-carousel-caption\">U\u017e to za\u010d\u00edn\u00e1<\/figcaption><\/figure><\/div><div class=\"swiper-slide\" role=\"group\" aria-roledescription=\"slide\" aria-label=\"6 z 37\"><figure class=\"swiper-slide-inner\"><img decoding=\"async\" class=\"swiper-slide-image\" src=\"https:\/\/www.kubesovyborkovice.cz\/wp-content\/uploads\/2024\/08\/007.jpg\" alt=\"Pan\u00ed starostka: S chut\u00ed do toho!\" \/><figcaption class=\"elementor-image-carousel-caption\">Pan\u00ed starostka: S chut\u00ed do toho!<\/figcaption><\/figure><\/div><div class=\"swiper-slide\" role=\"group\" aria-roledescription=\"slide\" aria-label=\"7 z 37\"><figure class=\"swiper-slide-inner\"><img decoding=\"async\" class=\"swiper-slide-image\" src=\"https:\/\/www.kubesovyborkovice.cz\/wp-content\/uploads\/2024\/08\/008.jpg\" alt=\"TV \u0160l\u00e1gr se p\u0159ipravuje\" \/><figcaption class=\"elementor-image-carousel-caption\">TV \u0160l\u00e1gr se p\u0159ipravuje<\/figcaption><\/figure><\/div><div class=\"swiper-slide\" role=\"group\" aria-roledescription=\"slide\" aria-label=\"8 z 37\"><figure class=\"swiper-slide-inner\"><img decoding=\"async\" class=\"swiper-slide-image\" src=\"https:\/\/www.kubesovyborkovice.cz\/wp-content\/uploads\/2024\/08\/010.jpg\" alt=\"Tomu se \u0159\u00edk\u00e1 hlava na hlav\u011b\" \/><figcaption class=\"elementor-image-carousel-caption\">Tomu se \u0159\u00edk\u00e1 hlava na hlav\u011b<\/figcaption><\/figure><\/div><div class=\"swiper-slide\" role=\"group\" aria-roledescription=\"slide\" aria-label=\"9 z 37\"><figure class=\"swiper-slide-inner\"><img decoding=\"async\" class=\"swiper-slide-image\" src=\"https:\/\/www.kubesovyborkovice.cz\/wp-content\/uploads\/2024\/08\/012.jpg\" alt=\"L\u00e1\u010fa Kube\u0161 a fe\u0161n\u00e9 po\u0159adatelky\" \/><figcaption class=\"elementor-image-carousel-caption\">L\u00e1\u010fa Kube\u0161 a fe\u0161n\u00e9 po\u0159adatelky<\/figcaption><\/figure><\/div><div class=\"swiper-slide\" role=\"group\" aria-roledescription=\"slide\" aria-label=\"10 z 37\"><figure class=\"swiper-slide-inner\"><img decoding=\"async\" class=\"swiper-slide-image\" src=\"https:\/\/www.kubesovyborkovice.cz\/wp-content\/uploads\/2024\/08\/013.jpg\" alt=\"Bez piva se nezp\u00edv\u00e1?\" \/><figcaption class=\"elementor-image-carousel-caption\">Bez piva se nezp\u00edv\u00e1?<\/figcaption><\/figure><\/div><div class=\"swiper-slide\" role=\"group\" aria-roledescription=\"slide\" aria-label=\"11 z 37\"><figure class=\"swiper-slide-inner\"><img decoding=\"async\" class=\"swiper-slide-image\" src=\"https:\/\/www.kubesovyborkovice.cz\/wp-content\/uploads\/2024\/08\/014.jpg\" alt=\"Zahajuje Krajanka V\u00e1clava Hlav\u00e1\u010dka\" \/><figcaption class=\"elementor-image-carousel-caption\">Zahajuje Krajanka V\u00e1clava Hlav\u00e1\u010dka<\/figcaption><\/figure><\/div><div class=\"swiper-slide\" role=\"group\" aria-roledescription=\"slide\" aria-label=\"12 z 37\"><figure class=\"swiper-slide-inner\"><img decoding=\"async\" class=\"swiper-slide-image\" src=\"https:\/\/www.kubesovyborkovice.cz\/wp-content\/uploads\/2024\/08\/015.jpg\" alt=\"K\u0159est Kalend\u00e1\u0159e dechov\u00fdch hudeb 2025\" \/><figcaption class=\"elementor-image-carousel-caption\">K\u0159est Kalend\u00e1\u0159e dechov\u00fdch hudeb 2025<\/figcaption><\/figure><\/div><div class=\"swiper-slide\" role=\"group\" aria-roledescription=\"slide\" aria-label=\"13 z 37\"><figure class=\"swiper-slide-inner\"><img decoding=\"async\" class=\"swiper-slide-image\" src=\"https:\/\/www.kubesovyborkovice.cz\/wp-content\/uploads\/2024\/08\/018.jpg\" alt=\"Babouci Pavouci nehynouc\u00ed\" \/><figcaption class=\"elementor-image-carousel-caption\">Babouci Pavouci nehynouc\u00ed<\/figcaption><\/figure><\/div><div class=\"swiper-slide\" role=\"group\" aria-roledescription=\"slide\" aria-label=\"14 z 37\"><figure class=\"swiper-slide-inner\"><img decoding=\"async\" class=\"swiper-slide-image\" src=\"https:\/\/www.kubesovyborkovice.cz\/wp-content\/uploads\/2024\/08\/022.jpg\" alt=\"Takov\u00fd sbor se jen tak nesly\u0161\u00ed\" \/><figcaption class=\"elementor-image-carousel-caption\">Takov\u00fd sbor se jen tak nesly\u0161\u00ed<\/figcaption><\/figure><\/div><div class=\"swiper-slide\" role=\"group\" aria-roledescription=\"slide\" aria-label=\"15 z 37\"><figure class=\"swiper-slide-inner\"><img decoding=\"async\" class=\"swiper-slide-image\" src=\"https:\/\/www.kubesovyborkovice.cz\/wp-content\/uploads\/2024\/08\/025.jpg\" alt=\"J\u00fcrgen Uitz a Manfred F\u00fcrnsinn p\u0159ed vystoupen\u00edm\" \/><figcaption class=\"elementor-image-carousel-caption\">J\u00fcrgen Uitz a Manfred F\u00fcrnsinn p\u0159ed vystoupen\u00edm<\/figcaption><\/figure><\/div><div class=\"swiper-slide\" role=\"group\" aria-roledescription=\"slide\" aria-label=\"16 z 37\"><figure class=\"swiper-slide-inner\"><img decoding=\"async\" class=\"swiper-slide-image\" src=\"https:\/\/www.kubesovyborkovice.cz\/wp-content\/uploads\/2024\/08\/028.jpg\" alt=\"Sli\u010dn\u00e1 tenoristka z Kube\u0161ovanky\" \/><figcaption class=\"elementor-image-carousel-caption\">Sli\u010dn\u00e1 tenoristka z Kube\u0161ovanky<\/figcaption><\/figure><\/div><div class=\"swiper-slide\" role=\"group\" aria-roledescription=\"slide\" aria-label=\"17 z 37\"><figure class=\"swiper-slide-inner\"><img decoding=\"async\" class=\"swiper-slide-image\" src=\"https:\/\/www.kubesovyborkovice.cz\/wp-content\/uploads\/2024\/08\/029.jpg\" alt=\"Sli\u010dn\u00e1 klarinetistka z Kube\u0161ovanky\" \/><figcaption class=\"elementor-image-carousel-caption\">Sli\u010dn\u00e1 klarinetistka z Kube\u0161ovanky<\/figcaption><\/figure><\/div><div class=\"swiper-slide\" role=\"group\" aria-roledescription=\"slide\" aria-label=\"18 z 37\"><figure class=\"swiper-slide-inner\"><img decoding=\"async\" class=\"swiper-slide-image\" src=\"https:\/\/www.kubesovyborkovice.cz\/wp-content\/uploads\/2024\/08\/033.jpg\" alt=\"Rakousk\u00e1 Kube\u0161ovanka po v\u00fdkonu\" \/><figcaption class=\"elementor-image-carousel-caption\">Rakousk\u00e1 Kube\u0161ovanka po v\u00fdkonu<\/figcaption><\/figure><\/div><div class=\"swiper-slide\" role=\"group\" aria-roledescription=\"slide\" aria-label=\"19 z 37\"><figure class=\"swiper-slide-inner\"><img decoding=\"async\" class=\"swiper-slide-image\" src=\"https:\/\/www.kubesovyborkovice.cz\/wp-content\/uploads\/2024\/08\/038.jpg\" alt=\"Milo\u0148 \u010cepelka \u010dte z knihy o Ladislavu Kube\u0161ovi\" \/><figcaption class=\"elementor-image-carousel-caption\">Milo\u0148 \u010cepelka \u010dte z knihy o Ladislavu Kube\u0161ovi<\/figcaption><\/figure><\/div><div class=\"swiper-slide\" role=\"group\" aria-roledescription=\"slide\" aria-label=\"20 z 37\"><figure class=\"swiper-slide-inner\"><img decoding=\"async\" class=\"swiper-slide-image\" src=\"https:\/\/www.kubesovyborkovice.cz\/wp-content\/uploads\/2024\/08\/039.jpg\" alt=\"Pam\u011btn\u00ed plaketa pro pan\u00ed starostku\" \/><figcaption class=\"elementor-image-carousel-caption\">Pam\u011btn\u00ed plaketa pro pan\u00ed starostku<\/figcaption><\/figure><\/div><div class=\"swiper-slide\" role=\"group\" aria-roledescription=\"slide\" aria-label=\"21 z 37\"><figure class=\"swiper-slide-inner\"><img decoding=\"async\" class=\"swiper-slide-image\" src=\"https:\/\/www.kubesovyborkovice.cz\/wp-content\/uploads\/2024\/08\/042.jpg\" alt=\"Plaketu G. Sulyokovi p\u0159iveze do Rakouska Andreas Schindl\" \/><figcaption class=\"elementor-image-carousel-caption\">Plaketu G. Sulyokovi p\u0159iveze do Rakouska Andreas Schindl<\/figcaption><\/figure><\/div><div class=\"swiper-slide\" role=\"group\" aria-roledescription=\"slide\" aria-label=\"22 z 37\"><figure class=\"swiper-slide-inner\"><img decoding=\"async\" class=\"swiper-slide-image\" src=\"https:\/\/www.kubesovyborkovice.cz\/wp-content\/uploads\/2024\/08\/044.jpg\" alt=\"J\u00fcrgen Uitz si plaketu p\u0159evzal osobn\u011b\" \/><figcaption class=\"elementor-image-carousel-caption\">J\u00fcrgen Uitz si plaketu p\u0159evzal osobn\u011b<\/figcaption><\/figure><\/div><div class=\"swiper-slide\" role=\"group\" aria-roledescription=\"slide\" aria-label=\"23 z 37\"><figure class=\"swiper-slide-inner\"><img decoding=\"async\" class=\"swiper-slide-image\" src=\"https:\/\/www.kubesovyborkovice.cz\/wp-content\/uploads\/2024\/08\/045.jpg\" alt=\"My jsme komplet Veselka!\" \/><figcaption class=\"elementor-image-carousel-caption\">My jsme komplet Veselka!<\/figcaption><\/figure><\/div><div class=\"swiper-slide\" role=\"group\" aria-roledescription=\"slide\" aria-label=\"24 z 37\"><figure class=\"swiper-slide-inner\"><img decoding=\"async\" class=\"swiper-slide-image\" src=\"https:\/\/www.kubesovyborkovice.cz\/wp-content\/uploads\/2024\/08\/046.jpg\" alt=\"Blanka T\u016fmov\u00e1 s v\u011b\u010dn\u00fdm \u00fasm\u011bvem\" \/><figcaption class=\"elementor-image-carousel-caption\">Blanka T\u016fmov\u00e1 s v\u011b\u010dn\u00fdm \u00fasm\u011bvem<\/figcaption><\/figure><\/div><div class=\"swiper-slide\" role=\"group\" aria-roledescription=\"slide\" aria-label=\"25 z 37\"><figure class=\"swiper-slide-inner\"><img decoding=\"async\" class=\"swiper-slide-image\" src=\"https:\/\/www.kubesovyborkovice.cz\/wp-content\/uploads\/2024\/08\/047.jpg\" alt=\"Mlad\u00e1 posila Ta\u0165\u00e1na Radostov\u00e1\" \/><figcaption class=\"elementor-image-carousel-caption\">Mlad\u00e1 posila Ta\u0165\u00e1na Radostov\u00e1<\/figcaption><\/figure><\/div><div class=\"swiper-slide\" role=\"group\" aria-roledescription=\"slide\" aria-label=\"26 z 37\"><figure class=\"swiper-slide-inner\"><img decoding=\"async\" class=\"swiper-slide-image\" src=\"https:\/\/www.kubesovyborkovice.cz\/wp-content\/uploads\/2024\/08\/048.jpg\" alt=\"Lubo\u0161 Jech - dlouh\u00fd dech\" \/><figcaption class=\"elementor-image-carousel-caption\">Lubo\u0161 Jech - dlouh\u00fd dech<\/figcaption><\/figure><\/div><div class=\"swiper-slide\" role=\"group\" aria-roledescription=\"slide\" aria-label=\"27 z 37\"><figure class=\"swiper-slide-inner\"><img decoding=\"async\" class=\"swiper-slide-image\" src=\"https:\/\/www.kubesovyborkovice.cz\/wp-content\/uploads\/2024\/08\/049.jpg\" alt=\"Ivan Radosta starostliv\u00fd\" \/><figcaption class=\"elementor-image-carousel-caption\">Ivan Radosta starostliv\u00fd<\/figcaption><\/figure><\/div><div class=\"swiper-slide\" role=\"group\" aria-roledescription=\"slide\" aria-label=\"28 z 37\"><figure class=\"swiper-slide-inner\"><img decoding=\"async\" class=\"swiper-slide-image\" src=\"https:\/\/www.kubesovyborkovice.cz\/wp-content\/uploads\/2024\/08\/050.jpg\" alt=\"Josef Oplt - n\u00e1vrat po letech\" \/><figcaption class=\"elementor-image-carousel-caption\">Josef Oplt - n\u00e1vrat po letech<\/figcaption><\/figure><\/div><div class=\"swiper-slide\" role=\"group\" aria-roledescription=\"slide\" aria-label=\"29 z 37\"><figure class=\"swiper-slide-inner\"><img decoding=\"async\" class=\"swiper-slide-image\" src=\"https:\/\/www.kubesovyborkovice.cz\/wp-content\/uploads\/2024\/08\/060.jpg\" alt=\"Dcera otce nezap\u0159e\" \/><figcaption class=\"elementor-image-carousel-caption\">Dcera otce nezap\u0159e<\/figcaption><\/figure><\/div><div class=\"swiper-slide\" role=\"group\" aria-roledescription=\"slide\" aria-label=\"30 z 37\"><figure class=\"swiper-slide-inner\"><img decoding=\"async\" class=\"swiper-slide-image\" src=\"https:\/\/www.kubesovyborkovice.cz\/wp-content\/uploads\/2024\/08\/061.jpg\" alt=\"nejmen\u0161\u00ed tane\u010dn\u00ed parket\" \/><figcaption class=\"elementor-image-carousel-caption\">nejmen\u0161\u00ed tane\u010dn\u00ed parket<\/figcaption><\/figure><\/div><div class=\"swiper-slide\" role=\"group\" aria-roledescription=\"slide\" aria-label=\"31 z 37\"><figure class=\"swiper-slide-inner\"><img decoding=\"async\" class=\"swiper-slide-image\" src=\"https:\/\/www.kubesovyborkovice.cz\/wp-content\/uploads\/2024\/08\/062.jpg\" alt=\"tuba Kube\u0161ovanky, heligon Veselky\" \/><figcaption class=\"elementor-image-carousel-caption\">tuba Kube\u0161ovanky, heligon Veselky<\/figcaption><\/figure><\/div><div class=\"swiper-slide\" role=\"group\" aria-roledescription=\"slide\" aria-label=\"32 z 37\"><figure class=\"swiper-slide-inner\"><img decoding=\"async\" class=\"swiper-slide-image\" src=\"https:\/\/www.kubesovyborkovice.cz\/wp-content\/uploads\/2024\/08\/064.jpg\" alt=\"d\u00e9\u0161\u0165 ned\u00e9\u0161\u0165, radost n\u00e1m nepokaz\u00ed\" \/><figcaption class=\"elementor-image-carousel-caption\">d\u00e9\u0161\u0165 ned\u00e9\u0161\u0165, radost n\u00e1m nepokaz\u00ed<\/figcaption><\/figure><\/div><div class=\"swiper-slide\" role=\"group\" aria-roledescription=\"slide\" aria-label=\"33 z 37\"><figure class=\"swiper-slide-inner\"><img decoding=\"async\" class=\"swiper-slide-image\" src=\"https:\/\/www.kubesovyborkovice.cz\/wp-content\/uploads\/2024\/08\/065.jpg\" alt=\"diriguje Roman Portmann z Curychu\" \/><figcaption class=\"elementor-image-carousel-caption\">diriguje Roman Portmann z Curychu<\/figcaption><\/figure><\/div><div class=\"swiper-slide\" role=\"group\" aria-roledescription=\"slide\" aria-label=\"34 z 37\"><figure class=\"swiper-slide-inner\"><img decoding=\"async\" class=\"swiper-slide-image\" src=\"https:\/\/www.kubesovyborkovice.cz\/wp-content\/uploads\/2024\/08\/068.jpg\" alt=\"Manfred F\u00fcrnsinn z Rakouska\" \/><figcaption class=\"elementor-image-carousel-caption\">Manfred F\u00fcrnsinn z Rakouska<\/figcaption><\/figure><\/div><div class=\"swiper-slide\" role=\"group\" aria-roledescription=\"slide\" aria-label=\"35 z 37\"><figure class=\"swiper-slide-inner\"><img decoding=\"async\" class=\"swiper-slide-image\" src=\"https:\/\/www.kubesovyborkovice.cz\/wp-content\/uploads\/2024\/08\/073.jpg\" alt=\"Zlat\u00e1 pieta u hrobu\" \/><figcaption class=\"elementor-image-carousel-caption\">Zlat\u00e1 pieta u hrobu<\/figcaption><\/figure><\/div><div class=\"swiper-slide\" role=\"group\" aria-roledescription=\"slide\" aria-label=\"36 z 37\"><figure class=\"swiper-slide-inner\"><img decoding=\"async\" class=\"swiper-slide-image\" src=\"https:\/\/www.kubesovyborkovice.cz\/wp-content\/uploads\/2024\/08\/078.jpg\" alt=\"H\u0159bitovn\u00ed zp\u011bv pln\u00fd \u00facty\" \/><figcaption class=\"elementor-image-carousel-caption\">H\u0159bitovn\u00ed zp\u011bv pln\u00fd \u00facty<\/figcaption><\/figure><\/div><div class=\"swiper-slide\" role=\"group\" aria-roledescription=\"slide\" aria-label=\"37 z 37\"><figure class=\"swiper-slide-inner\"><img decoding=\"async\" class=\"swiper-slide-image\" src=\"https:\/\/www.kubesovyborkovice.cz\/wp-content\/uploads\/2024\/08\/084.jpg\" alt=\"srde\u010dn\u00e9 lou\u010den\u00ed\" \/><figcaption class=\"elementor-image-carousel-caption\">srde\u010dn\u00e9 lou\u010den\u00ed<\/figcaption><\/figure><\/div>\t\t\t<\/div>\n\t\t\t\t\t\t\t\t\t\t\t\t<div class=\"elementor-swiper-button elementor-swiper-button-prev\" role=\"button\" tabindex=\"0\">\n\t\t\t\t\t\t<svg aria-hidden=\"true\" class=\"e-font-icon-svg e-eicon-chevron-left\" viewBox=\"0 0 1000 1000\" xmlns=\"http:\/\/www.w3.org\/2000\/svg\"><path d=\"M646 125C629 125 613 133 604 142L308 442C296 454 292 471 292 487 292 504 296 521 308 533L604 854C617 867 629 875 646 875 663 875 679 871 692 858 704 846 713 829 713 812 713 796 708 779 692 767L438 487 692 225C700 217 708 204 708 187 708 171 704 154 692 142 675 129 663 125 646 125Z\"><\/path><\/svg>\t\t\t\t\t<\/div>\n\t\t\t\t\t<div class=\"elementor-swiper-button elementor-swiper-button-next\" role=\"button\" tabindex=\"0\">\n\t\t\t\t\t\t<svg aria-hidden=\"true\" class=\"e-font-icon-svg e-eicon-chevron-right\" viewBox=\"0 0 1000 1000\" xmlns=\"http:\/\/www.w3.org\/2000\/svg\"><path d=\"M696 533C708 521 713 504 713 487 713 471 708 454 696 446L400 146C388 133 375 125 354 125 338 125 325 129 313 142 300 154 292 171 292 187 292 204 296 221 308 233L563 492 304 771C292 783 288 800 288 817 288 833 296 850 308 863 321 871 338 875 354 875 371 875 388 867 400 854L696 533Z\"><\/path><\/svg>\t\t\t\t\t<\/div>\n\t\t\t\t\n\t\t\t\t\t\t\t\t\t<\/div>\n\t\t\t\t\t\t<\/div>\n\t\t\t\t<div class=\"elementor-element elementor-element-ad3ecfc elementor-widget-divider--view-line elementor-widget elementor-widget-divider\" data-id=\"ad3ecfc\" data-element_type=\"widget\" data-widget_type=\"divider.default\">\n\t\t\t\t\t\t\t<div class=\"elementor-divider\">\n\t\t\t<span class=\"elementor-divider-separator\">\n\t\t\t\t\t\t<\/span>\n\t\t<\/div>\n\t\t\t\t\t\t<\/div>\n\t\t\t\t\t<\/div>\n\t\t\t\t<\/div>\n\t\t<div class=\"elementor-element elementor-element-bcf3c0e e-flex e-con-boxed e-con e-parent\" data-id=\"bcf3c0e\" data-element_type=\"container\">\n\t\t\t\t\t<div class=\"e-con-inner\">\n\t\t\t\t<div class=\"elementor-element elementor-element-378bc39 elementor-widget elementor-widget-text-editor\" data-id=\"378bc39\" data-element_type=\"widget\" data-widget_type=\"text-editor.default\">\n\t\t\t\t\t\t\t\t\t<p>Nato\u010deno bylo tak\u00e9 mnoho vide\u00ed. P\u0159ehr\u00e1t si je m\u016f\u017eete d\u00edky samostatn\u00e9mu playlistu kter\u00fd jsme pro v\u00e1s p\u0159ipravili na Youtube. Sta\u010d\u00ed kliknout na tu \u010dervenou ikonku pod t\u00edmto textem \ud83d\ude42<\/p>\t\t\t\t\t\t\t\t<\/div>\n\t\t\t\t<div class=\"elementor-element elementor-element-531fbeb elementor-shape-circle elementor-grid-0 e-grid-align-center elementor-widget elementor-widget-social-icons\" data-id=\"531fbeb\" data-element_type=\"widget\" data-widget_type=\"social-icons.default\">\n\t\t\t\t\t\t\t<div class=\"elementor-social-icons-wrapper elementor-grid\">\n\t\t\t\t\t\t\t<span class=\"elementor-grid-item\">\n\t\t\t\t\t<a class=\"elementor-icon elementor-social-icon elementor-social-icon-youtube elementor-repeater-item-5b50569\" href=\"https:\/\/www.youtube.com\/watch?v=2qcNB0mydm0&#038;list=PLS3PA_tweswLUjauhYzCO41lG3KNjGIk3\" target=\"_blank\">\n\t\t\t\t\t\t<span class=\"elementor-screen-only\">Youtube<\/span>\n\t\t\t\t\t\t<svg class=\"e-font-icon-svg e-fab-youtube\" viewBox=\"0 0 576 512\" xmlns=\"http:\/\/www.w3.org\/2000\/svg\"><path d=\"M549.655 124.083c-6.281-23.65-24.787-42.276-48.284-48.597C458.781 64 288 64 288 64S117.22 64 74.629 75.486c-23.497 6.322-42.003 24.947-48.284 48.597-11.412 42.867-11.412 132.305-11.412 132.305s0 89.438 11.412 132.305c6.281 23.65 24.787 41.5 48.284 47.821C117.22 448 288 448 288 448s170.78 0 213.371-11.486c23.497-6.321 42.003-24.171 48.284-47.821 11.412-42.867 11.412-132.305 11.412-132.305s0-89.438-11.412-132.305zm-317.51 213.508V175.185l142.739 81.205-142.739 81.201z\"><\/path><\/svg>\t\t\t\t\t<\/a>\n\t\t\t\t<\/span>\n\t\t\t\t\t<\/div>\n\t\t\t\t\t\t<\/div>\n\t\t\t\t\t<\/div>\n\t\t\t\t<\/div>\n\t\t\t\t<\/div>\n\t\t","protected":false},"excerpt":{"rendered":"<p>Borkovick\u00e1 kaple: P\u0159ijdou? P\u0159ijedou? Pam\u011btn\u00ed plaketa na tento den Nedo\u010dkav\u00e9 p\u00f3dium, nedo\u010dkav\u00ed host\u00e9 Milo\u0148 \u010cepelka: U\u017e jen p\u00e1r schod\u016f U\u017e to za\u010d\u00edn\u00e1 Pan\u00ed starostka: S&hellip;<\/p>\n","protected":false},"author":1,"featured_media":0,"parent":0,"menu_order":0,"comment_status":"closed","ping_status":"closed","template":"","meta":{"footnotes":""},"class_list":["post-721","page","type-page","status-publish","hentry"],"_links":{"self":[{"href":"https:\/\/www.kubesovyborkovice.cz\/index.php?rest_route=\/wp\/v2\/pages\/721","targetHints":{"allow":["GET"]}}],"collection":[{"href":"https:\/\/www.kubesovyborkovice.cz\/index.php?rest_route=\/wp\/v2\/pages"}],"about":[{"href":"https:\/\/www.kubesovyborkovice.cz\/index.php?rest_route=\/wp\/v2\/types\/page"}],"author":[{"embeddable":true,"href":"https:\/\/www.kubesovyborkovice.cz\/index.php?rest_route=\/wp\/v2\/users\/1"}],"replies":[{"embeddable":true,"href":"https:\/\/www.kubesovyborkovice.cz\/index.php?rest_route=%2Fwp%2Fv2%2Fcomments&post=721"}],"version-history":[{"count":16,"href":"https:\/\/www.kubesovyborkovice.cz\/index.php?rest_route=\/wp\/v2\/pages\/721\/revisions"}],"predecessor-version":[{"id":772,"href":"https:\/\/www.kubesovyborkovice.cz\/index.php?rest_route=\/wp\/v2\/pages\/721\/revisions\/772"}],"wp:attachment":[{"href":"https:\/\/www.kubesovyborkovice.cz\/index.php?rest_route=%2Fwp%2Fv2%2Fmedia&parent=721"}],"curies":[{"name":"wp","href":"https:\/\/api.w.org\/{rel}","templated":true}]}}