{"id":94,"date":"2024-03-13T17:01:34","date_gmt":"2024-03-13T16:01:34","guid":{"rendered":"https:\/\/www.kubesovyborkovice.cz\/?page_id=94"},"modified":"2024-03-20T23:16:18","modified_gmt":"2024-03-20T22:16:18","slug":"lkst-de","status":"publish","type":"page","link":"https:\/\/www.kubesovyborkovice.cz\/?page_id=94&lang=de","title":{"rendered":"Ladislav Kube\u0161"},"content":{"rendered":"\t\t<div data-elementor-type=\"wp-post\" data-elementor-id=\"94\" class=\"elementor elementor-94\">\n\t\t\t\t<div class=\"elementor-element elementor-element-56f5483 e-flex e-con-boxed e-con e-parent\" data-id=\"56f5483\" data-element_type=\"container\">\n\t\t\t\t\t<div class=\"e-con-inner\">\n\t\t<div class=\"elementor-element elementor-element-dd61257 e-con-full e-flex e-con e-child\" data-id=\"dd61257\" data-element_type=\"container\">\n\t\t\t\t<div class=\"elementor-element elementor-element-15a190a elementor-widget elementor-widget-image\" data-id=\"15a190a\" data-element_type=\"widget\" data-widget_type=\"image.default\">\n\t\t\t\t\t\t\t\t\t\t\t\t\t\t\t<img fetchpriority=\"high\" decoding=\"async\" width=\"749\" height=\"1024\" src=\"https:\/\/www.kubesovyborkovice.cz\/wp-content\/uploads\/2024\/03\/LKubes1985-web-749x1024.jpg\" class=\"attachment-large size-large wp-image-182\" alt=\"\" srcset=\"https:\/\/www.kubesovyborkovice.cz\/wp-content\/uploads\/2024\/03\/LKubes1985-web-749x1024.jpg 749w, https:\/\/www.kubesovyborkovice.cz\/wp-content\/uploads\/2024\/03\/LKubes1985-web-219x300.jpg 219w, https:\/\/www.kubesovyborkovice.cz\/wp-content\/uploads\/2024\/03\/LKubes1985-web-768x1050.jpg 768w, https:\/\/www.kubesovyborkovice.cz\/wp-content\/uploads\/2024\/03\/LKubes1985-web-1124x1536.jpg 1124w, https:\/\/www.kubesovyborkovice.cz\/wp-content\/uploads\/2024\/03\/LKubes1985-web-1498x2048.jpg 1498w, https:\/\/www.kubesovyborkovice.cz\/wp-content\/uploads\/2024\/03\/LKubes1985-web.jpg 1829w\" sizes=\"(max-width: 749px) 100vw, 749px\" \/>\t\t\t\t\t\t\t\t\t\t\t\t\t\t\t<\/div>\n\t\t\t\t<\/div>\n\t\t<div class=\"elementor-element elementor-element-649b30e e-con-full e-flex e-con e-child\" data-id=\"649b30e\" data-element_type=\"container\">\n\t\t\t\t<div class=\"elementor-element elementor-element-9c463dd elementor-widget elementor-widget-text-editor\" data-id=\"9c463dd\" data-element_type=\"widget\" data-widget_type=\"text-editor.default\">\n\t\t\t\t\t\t\t\t\t<h4><a href=\"https:\/\/www.kubes-musikverlag.at\/uber-uns\/mitarbeiter\/2-ladislav-kubes\" target=\"_blank\" rel=\"noopener\">Ladislav Kube\u0161<\/a>\u00a0(1924 \u2013 1998)<\/h4><p>\u201eIch erz\u00e4hle Ihnen, warum ich die Blasmusik liebe und warum ich ihr mit aller Hingabe diente. Denn der Atem ist ihr Fundament. Ohne Atem gibt es kein Leben, der Atem ist eine sch\u00f6pferische Kraft. Unsere V\u00e4ter und Gro\u00dfv\u00e4ter wussten das und wer es heute leugnen will, ist gegen sich selbst. Die tschechische Blasmusik wird nicht zugrunde gehen, ihre lebendige Tradition wird es nicht erlauben.&#8220;<\/p><p><em>Ladislav Kube\u0161 sen.<\/em><\/p><p>\u00a0<\/p><p>Der s\u00fcdb\u00f6hmische Komponist und Musiker Ladislav Kube\u0161 wurde 1924 in Borkovice unweit von Vesel\u00ed nad Lu\u017enic\u00ed geboren. Von seiner Kindheit an h\u00f6rte er oft Volkslieder und Blasmusik, die sein Vater Mat\u011bj Kube\u0161 \u2013 Fl\u00fcgelhornspieler und Kapellmeister \u2013 spielte. Er lehrte seinen Sohn Tenorhorn, Posaune und Tuba spielen. Ladislav Kube\u0161 hatte Gelegenheit, die Musikinstrumente auch im Theaterorchester in \u010cesk\u00e9 Bud\u011bjovice\/Budweis und im Kurorchester in Mari\u00e1nsk\u00e9 L\u00e1zn\u011b\/Marienbad auszuprobieren. Seine ersten Kompositionen entstanden w\u00e4hrend des Milit\u00e4rdienstes bei der Milit\u00e4rkapelle in Jind\u0159ich\u016fv Hradec\/Neuhaus unter der Leitung des Dirigenten und Komponisten Ferdinand \u0160krob\u00e1k. Dort schrieb er die \u201eS\u00fcdb\u00f6hmische Polka\u201c (Jiho\u010desk\u00e1 Polka), die heute in Europa vielleicht jeder, der Blasmusik spielt, kennt. Ladislav Kube\u0161 sen. schrieb und bearbeitete mehr als 400 Kompositionen. Viele davon wurden von namhaften Kapellen in der Welt aufgenommen. Zu den bekanntesten geh\u00f6ren P\u0159erovanka, Borkovick\u00e1 polka, Od T\u00e1bora a\u017e k n\u00e1m (Von T\u00e1bor zu uns) und weitere. Seine Kompositionen werden von Rundfunksendern in vielen L\u00e4ndern gesendet. Bei uns kennen ihn die H\u00f6rer vor allem dank der gl\u00e4nzenden Interpretation der Kapelle Veselka, die 1981 vom Sohn des Komponisten, Ladislav Kube\u0161 jun. gegr\u00fcndet wurde. Eine gro\u00dfe gesellschaftliche Anerkennung stellte f\u00fcr Ladislav Kube\u0161 sen. und seine Bla\u0165\u00e1ck\u00e1 dechovka (Blaskapelle von Blata) der Empfang beim \u00f6sterreichischen Bundespr\u00e4sidenten Dr. Rudolf Kirchschl\u00e4ger im Februar 1975 war.Texte zu Kompositionen von Ladislav Kube\u0161 stammten oft von den Schwestern Skovajsovy \u2013 aus ihrer Feder stammten unter anderem die Polkas P\u0159erovanka und Hradi\u0161\u0165anka (Morgen Polka). Einer seiner ersten Texter war Franti\u0161ek Vr\u0161eck\u00fd, der am Anfang sein Helfer und Berater war. Von den anderen Mitarbeitern darf man Svatopluk Rade\u0161\u00ednsk\u00fd, Jaroslav \u0160prongl, Ji\u0159\u00ed Vostrovsk\u00fd, Jan Vlach und Vladim\u00edr Fuka nicht vergessen. Ladislav Kube\u0161 sen. starb im Jahre 1998.<\/p>\t\t\t\t\t\t\t\t<\/div>\n\t\t\t\t<\/div>\n\t\t\t\t\t<\/div>\n\t\t\t\t<\/div>\n\t\t<div class=\"elementor-element elementor-element-0798603 e-flex e-con-boxed e-con e-parent\" data-id=\"0798603\" data-element_type=\"container\">\n\t\t\t\t\t<div class=\"e-con-inner\">\n\t\t\t\t<div class=\"elementor-element elementor-element-2bce02f elementor-widget-divider--view-line elementor-widget elementor-widget-divider\" data-id=\"2bce02f\" data-element_type=\"widget\" data-widget_type=\"divider.default\">\n\t\t\t\t\t\t\t<div class=\"elementor-divider\">\n\t\t\t<span class=\"elementor-divider-separator\">\n\t\t\t\t\t\t<\/span>\n\t\t<\/div>\n\t\t\t\t\t\t<\/div>\n\t\t\t\t\t<\/div>\n\t\t\t\t<\/div>\n\t\t<div class=\"elementor-element elementor-element-a005431 e-flex e-con-boxed e-con e-parent\" data-id=\"a005431\" data-element_type=\"container\">\n\t\t\t\t\t<div class=\"e-con-inner\">\n\t\t\t\t<div class=\"elementor-element elementor-element-3d754b2 elementor-widget elementor-widget-text-editor\" data-id=\"3d754b2\" data-element_type=\"widget\" data-widget_type=\"text-editor.default\">\n\t\t\t\t\t\t\t\t\t<h4>Mein s\u00fcdb\u00f6hmischer Traum<\/h4><p>Als junger Tenorist (damals Bassfl\u00fcgelhorn) in der Jugendkapelle Schlaining (im Burgenland) konnte ich nicht erahnen, dass eine Polka, die mein Lehrer und Kapellmeister Josef Hofer eines Tages mit uns einstudierte, meinen weiteren musikalischen Weg so beeinflussen w\u00fcrde. Die einzelnen Stimmen dieser \u00fcberlieferten \u201eb\u00f6hmischen\u201c Polka, wie sie unser Kapellmeister nannte, waren mit gr\u00fcner Tinte handgeschrieben. Das wundersch\u00f6ne Trio f\u00fcr die Tenorh\u00f6rner begeisterte mich unendlich. Meine Liebe zur b\u00f6hmischen Musik war geboren. Ein \u00e4hnliches Erlebnis hatte ich als junger Musikverleger, als ich Ende der 1980er Jahre die Kompositionen von Ladislav Kube\u0161 kennenlernte. Nach einigen telefonischen Kontakten gab es sehr rasch ein erstes pers\u00f6nliches Zusammentreffen mit Ladislav in \u017d\u00ed\u0161ov. Schon auf der Fahrt durch die Landschaft S\u00fcdb\u00f6hmens sp\u00fcrte ich die Kraft, aus der auch Ladislav Kube\u0161 sch\u00f6pfte. Es war der Beginn einer innigen Zusammenarbeit in verschiedensten Bereichen: Neben vielen Kompositionen des Ausnahmetalents, die der tuba-musikverlag ver\u00f6ffentlichte, erschienen auch einige Tontr\u00e4ger der \u201eOriginal S\u00fcdb\u00f6hmischen Blaskapelle VESELKA\u201c, unter der Leitung von Ladislav Kube\u0161 jun., Sohn des Komponisten. Diese Produktionen wurden f\u00fcr mehr als 250.000 verkaufte CDs in einigen Fernsehsendungen mehrfach mit \u201eGold\u201c ausgezeichnet. An Ladislav Kube\u0161 sch\u00e4tzte ich vor allem seine Bescheidenheit. Der Sch\u00f6pfer gro\u00dfer Kompositionen, die damals schon von allen Freunden der s\u00fcdb\u00f6hmischen Musik weltweit gespielt wurden, war stets freundlich, zuvorkommend und sehr gastfreundlich. Ich erinnere mich an jedes Treffen mit ihm, in Borkovice, \u017d\u00ed\u0161ov oder auch in Prag. Ein besonderes Erlebnis war der Besuch einiger Radiostationen in \u00d6sterreich und S\u00fcddeutschland. Die Moderatoren der Blasmusiksendungen konnten ihren Zuh\u00f6rern erstmalig den erfolgreichen Komponisten aus S\u00fcdb\u00f6hmen vorstellen. Trotz aller Widerw\u00e4rtigkeiten und Einschr\u00e4nkungen, die Ladislav Kube\u0161 aufgrund des politischen Systems in seinem Heimatland viele Jahre ertragen musste, schuf der Komponist Musik, die auch noch in Jahrzehnten viele Menschen begeistern und das Leben versch\u00f6nern wird. So wie mich seinerzeit die \u201eb\u00f6hmische\u201c Polka begeistert hat.<\/p><p>Vielen Dank, Ladislav!<br \/><strong>Gerhard Sulyok<\/strong>, tuba-musikverlag gmbh (A).<\/p>\t\t\t\t\t\t\t\t<\/div>\n\t\t\t\t\t<\/div>\n\t\t\t\t<\/div>\n\t\t<div class=\"elementor-element elementor-element-701eda5 e-flex e-con-boxed e-con e-parent\" data-id=\"701eda5\" data-element_type=\"container\">\n\t\t\t\t\t<div class=\"e-con-inner\">\n\t\t\t\t<div class=\"elementor-element elementor-element-4ba41dd elementor-widget-divider--view-line elementor-widget elementor-widget-divider\" data-id=\"4ba41dd\" data-element_type=\"widget\" data-widget_type=\"divider.default\">\n\t\t\t\t\t\t\t<div class=\"elementor-divider\">\n\t\t\t<span class=\"elementor-divider-separator\">\n\t\t\t\t\t\t<\/span>\n\t\t<\/div>\n\t\t\t\t\t\t<\/div>\n\t\t\t\t\t<\/div>\n\t\t\t\t<\/div>\n\t\t<div class=\"elementor-element elementor-element-1949413 e-flex e-con-boxed e-con e-parent\" data-id=\"1949413\" data-element_type=\"container\">\n\t\t\t\t\t<div class=\"e-con-inner\">\n\t\t\t\t<div class=\"elementor-element elementor-element-97775de elementor-widget elementor-widget-text-editor\" data-id=\"97775de\" data-element_type=\"widget\" data-widget_type=\"text-editor.default\">\n\t\t\t\t\t\t\t\t\t<p>Die Kompositionen von Ladislav Kubes sind einf\u00fchlsam und kommen von Herzen. Sie spiegeln seine Pers\u00f6nlichkeit wider und sind eingebettet in die Welt, wo er zuhause ist: in S\u00fcdb\u00f6hmen.<\/p><p><strong>Hans-Peter von Siebenthal<\/strong>, Winterthur (CH).<\/p>\t\t\t\t\t\t\t\t<\/div>\n\t\t\t\t\t<\/div>\n\t\t\t\t<\/div>\n\t\t<div class=\"elementor-element elementor-element-2c8d636 e-flex e-con-boxed e-con e-parent\" data-id=\"2c8d636\" data-element_type=\"container\">\n\t\t\t\t\t<div class=\"e-con-inner\">\n\t\t\t\t<div class=\"elementor-element elementor-element-7afc294 elementor-widget-divider--view-line elementor-widget elementor-widget-divider\" data-id=\"7afc294\" data-element_type=\"widget\" data-widget_type=\"divider.default\">\n\t\t\t\t\t\t\t<div class=\"elementor-divider\">\n\t\t\t<span class=\"elementor-divider-separator\">\n\t\t\t\t\t\t<\/span>\n\t\t<\/div>\n\t\t\t\t\t\t<\/div>\n\t\t\t\t\t<\/div>\n\t\t\t\t<\/div>\n\t\t<div class=\"elementor-element elementor-element-4a74b0a e-flex e-con-boxed e-con e-parent\" data-id=\"4a74b0a\" data-element_type=\"container\">\n\t\t\t\t\t<div class=\"e-con-inner\">\n\t\t\t\t<div class=\"elementor-element elementor-element-e961256 elementor-widget elementor-widget-text-editor\" data-id=\"e961256\" data-element_type=\"widget\" data-widget_type=\"text-editor.default\">\n\t\t\t\t\t\t\t\t\t<p>Der Name Ladislav Kube\u0161 ist mit der Trachtenkapelle Brand untrennbar verbunden. Die ersten Begegnungen mit Ladislav sen. in der Nachkriegszeit m\u00fcssen unter den damaligen politischen Bedingungen als legend\u00e4r angesehen werden. Dass wir damals die Gelegenheit hatten, den \u201ePolka-K\u00f6nig\u201c pers\u00f6nlich kennenzulernen und auch mit seinen einmaligen Kompositionen praktisch druckfrisch versorgt zu werden, muss man aus heutiger Sicht als besonderen Gl\u00fccksfall bezeichnen, genauso wie die bis heute gern gepflegte Freundschaft zur gesamten Familie.<br \/>Wir spielen bis heute originale \u2013 zum Teil sogar handschriftliche \u2013 Kompositionen von Ladislav Kube\u0161 sen. Nicht weil es keine anderen Noten g\u00e4be, sondern weil bei diesen St\u00fccken der Funke \u00fcberspringt und nicht nur das Publikum begeistert ist, sondern auch die MusikerInnen selbst. Dank ihrer zeitlosen Melodi\u00f6sit\u00e4t und Heimatverbundenheit sprechen Sie, nicht nur wegen der historischen Hintergr\u00fcnde, vielen Menschen aus der Seele. M\u00f6gen die s\u00fcdb\u00f6hmische Blasmusik und insbesondere die Werke von Ladislav Kube\u0161 auch 100 Jahre nach seinem Geburtstag und in Zukunft ihren Beitrag zur \u00dcberwindung von politischen, sozialen, sprachlichen und nationalen Unterschieden leisten, vor allem in Zeiten wie diesen.<\/p><p><strong>J\u00fcrgen Uitz<\/strong>, Obmann der Trachtenkapelle Brand (A).<\/p>\t\t\t\t\t\t\t\t<\/div>\n\t\t\t\t\t<\/div>\n\t\t\t\t<\/div>\n\t\t<div class=\"elementor-element elementor-element-e8ed004 e-flex e-con-boxed e-con e-parent\" data-id=\"e8ed004\" data-element_type=\"container\">\n\t\t\t\t\t<div class=\"e-con-inner\">\n\t\t\t\t<div class=\"elementor-element elementor-element-df01c52 elementor-widget-divider--view-line elementor-widget elementor-widget-divider\" data-id=\"df01c52\" data-element_type=\"widget\" data-widget_type=\"divider.default\">\n\t\t\t\t\t\t\t<div class=\"elementor-divider\">\n\t\t\t<span class=\"elementor-divider-separator\">\n\t\t\t\t\t\t<\/span>\n\t\t<\/div>\n\t\t\t\t\t\t<\/div>\n\t\t\t\t\t<\/div>\n\t\t\t\t<\/div>\n\t\t<div class=\"elementor-element elementor-element-f37d96f e-flex e-con-boxed e-con e-parent\" data-id=\"f37d96f\" data-element_type=\"container\">\n\t\t\t\t\t<div class=\"e-con-inner\">\n\t\t\t\t<div class=\"elementor-element elementor-element-198fed3 elementor-widget elementor-widget-text-editor\" data-id=\"198fed3\" data-element_type=\"widget\" data-widget_type=\"text-editor.default\">\n\t\t\t\t\t\t\t\t\t<p>Wir haben die gro\u00dfe Ehre Kompositionen von Ladislav sen. im Verlag zu haben. Die gemeinsamen Stunden mit der Begeisterung zur \u201eS\u00fcdb\u00f6hmischen Musik\u201c werden immer in Erinnerung bleiben.<\/p><p><strong>Heribert Raich<\/strong>, Adler-Musikverlag (A).<\/p>\t\t\t\t\t\t\t\t<\/div>\n\t\t\t\t\t<\/div>\n\t\t\t\t<\/div>\n\t\t<div class=\"elementor-element elementor-element-a96d259 e-flex e-con-boxed e-con e-parent\" data-id=\"a96d259\" data-element_type=\"container\">\n\t\t\t\t\t<div class=\"e-con-inner\">\n\t\t\t\t<div class=\"elementor-element elementor-element-fbf76b1 elementor-widget-divider--view-line elementor-widget elementor-widget-divider\" data-id=\"fbf76b1\" data-element_type=\"widget\" data-widget_type=\"divider.default\">\n\t\t\t\t\t\t\t<div class=\"elementor-divider\">\n\t\t\t<span class=\"elementor-divider-separator\">\n\t\t\t\t\t\t<\/span>\n\t\t<\/div>\n\t\t\t\t\t\t<\/div>\n\t\t\t\t\t<\/div>\n\t\t\t\t<\/div>\n\t\t<div class=\"elementor-element elementor-element-da71273 e-flex e-con-boxed e-con e-parent\" data-id=\"da71273\" data-element_type=\"container\">\n\t\t\t\t\t<div class=\"e-con-inner\">\n\t\t\t\t<div class=\"elementor-element elementor-element-83c7fd1 elementor-widget elementor-widget-text-editor\" data-id=\"83c7fd1\" data-element_type=\"widget\" data-widget_type=\"text-editor.default\">\n\t\t\t\t\t\t\t\t\t<p>Schweb, W\u00f6lkchen, schweb, gr\u00fc\u00df in der Ferne, dort auf eurer Pilgerreise gr\u00fc\u00dft das Land, dort auf Han\u00e1 ach, das sch\u00f6ne Land, das geliebte Land, habe ich mein Herz vergeben, meine Wiege und mein Grab, meine Mutter, das Han\u00e1-Land Heimat, meine einzige, auch als Erbe mir gegeben, das fruchtbare Paradies, das weite Land, dort riecht des M\u00e4dchens Mund wie Rosenbl\u00fcte, das einzige Land. Liebe Blasmusikfreunde! Vielleicht wirkt es anfangs ein wenig eigenartig, dass ich in dem oben stehenden Text Verse des bekannten (wenn auch nicht mehr so oft gelesenen) Dichters, Karel Hynek M\u00e1cha, mit den Worten der Texterinnen und S\u00e4ngerinnen, den Schwestern Skovajsovy, verkn\u00fcpft habe. Diese Passagen bilden den Text zur einfachen Polka \u201eP\u0159erovanka-Lottchen\u201c von Ladislav Kube\u0161 sen. Die Verbindung von gehobener Sprache mit einem einfachen Schlager wirkt vielleicht etwas seltsam. F\u00fcr einige wirkt eine Verschmelzung dieser unterschiedlichen Genres wie eine regelrechte Entweihung der Dichtkunst und eine plumpe Erh\u00f6hung einfacher \u2013 wie sie oft ver\u00e4chtlich genannt werden \u2013 \u201eGassenhauer\u201c. Ich bin in diesem Punkt jedoch komplett anderer Meinung und halte es f\u00fcr ein bis heute nicht gekl\u00e4rtes Missverst\u00e4ndnis, dass Kunst in die Kategorien \u201egehoben\u201c und \u201eminderwertig\u201c eingeteilt werden kann. Ich frage mich, wann das Denken in solchen Kategorisierungen aufh\u00f6rt und endlich akzeptiert wird, dass jede Form der Kunst ihre Berechtigung hat. Letztendlich ist nur entscheidend, ob die Kunstwerke dem tiefsten Inneren, dem Geist und den Gef\u00fchlen eines Menschen entsprungen sind und dass sie ebenso tiefe Emotionen bei den Betrachtern und Zuh\u00f6rern hervorrufen. Musik schenkt uns Freude und Motivation, spendet uns Trost und dient als Ausgleich f\u00fcr unsere Seele. Dabei kommt es nicht darauf an, ob es sich um eine Sinfonie, eine Oper oder ein dreimin\u00fctiges Lied handelt. Dank dieser Erkenntnis sehe ich in der Verkn\u00fcpfung der gegens\u00e4tzlichen Genres auch keinen Widerspruch. Beide Werke \u2013 die Dichtung wie auch die Polka \u2013 handeln von der Liebe zur Welt, zur Freiheit und zur b\u00f6hmisch-m\u00e4hrischen Heimat. Nicht nur hierzulande, auch im Ausland erfreuen sich die Werke von Ladislav Kube\u0161 gro\u00dfer Beliebtheit. Dieses Buch handelt vom Schaffen des begabten Musikanten. Mit dem Lesen dieses Buches lade ich Sie herzlich zu einer Reise auf den Spuren des s\u00fcdb\u00f6hmischen Komponisten ein!<\/p><p><strong>Milo\u0148 \u010cepelka<\/strong>, Autor.<\/p>\t\t\t\t\t\t\t\t<\/div>\n\t\t\t\t\t<\/div>\n\t\t\t\t<\/div>\n\t\t<div class=\"elementor-element elementor-element-ba5b84f e-flex e-con-boxed e-con e-parent\" data-id=\"ba5b84f\" data-element_type=\"container\">\n\t\t\t\t\t<div class=\"e-con-inner\">\n\t\t\t\t<div class=\"elementor-element elementor-element-ea14744 elementor-widget-divider--view-line elementor-widget elementor-widget-divider\" data-id=\"ea14744\" data-element_type=\"widget\" data-widget_type=\"divider.default\">\n\t\t\t\t\t\t\t<div class=\"elementor-divider\">\n\t\t\t<span class=\"elementor-divider-separator\">\n\t\t\t\t\t\t<\/span>\n\t\t<\/div>\n\t\t\t\t\t\t<\/div>\n\t\t\t\t\t<\/div>\n\t\t\t\t<\/div>\n\t\t<div class=\"elementor-element elementor-element-7236cc6 e-flex e-con-boxed e-con e-parent\" data-id=\"7236cc6\" data-element_type=\"container\">\n\t\t\t\t\t<div class=\"e-con-inner\">\n\t\t\t\t<div class=\"elementor-element elementor-element-5e1247d elementor-widget elementor-widget-text-editor\" data-id=\"5e1247d\" data-element_type=\"widget\" data-widget_type=\"text-editor.default\">\n\t\t\t\t\t\t\t\t\t<p>Um die Geburt des Komponisten rankt sich eine besondere Legende: Am 23. Februar 1924 kam in Borkovice in der Kube\u0161-Stube ein gesunder Sohn zu Welt. An seine Wiege kamen drei alte weise Frauen und prophezeiten sein Schicksal. Zwei w\u00fcnschten feste Gesundheit, viel Gl\u00fcck und verschwanden wieder. Die dritteschwieg eine Weile und dann sprach sie leise: \u201eIch gebe dir, Junge, eine gro\u00dfe Liebe \u2013 gute tschechische Musik. Schreib sie f\u00fcr das Volk und schreib neue Melodien, dann wirst du ein Polka-K\u00f6nig werden!\u201c All diese anerkennenden Worte zu Ladislav Kube\u0161, der 2024 seinen 100. Geburtstage gefeiert h\u00e4tte, zeigen, welch gro\u00dfe Bedeutung der s\u00fcdb\u00f6hmische Komponist f\u00fcr die Geschichte der tschechischen Kultur hatte. Meine erste Begegnung mit Ladislav Kube\u0161 hatte ich \u00fcber seine \u201eS\u00fcdb\u00f6hmische Polka\u201c, die ich mit 17 Jahren zum ersten Mal mit der Kapelle von Bohumil Zbo\u0159il in Milotice bei Kyjov spielte. Nachdem ich ein Jahr sp\u00e4ter die Blaskapelle \u201eMist\u0159\u00ed\u0148anka\u201c gegr\u00fcndet hatte, begab ich mich auf die Suche nach dem Autor der Polka. \u00dcber den damaligen Kapellmeister des Br\u00fcnner Milit\u00e4rorchesters baute ich den ersten Kontakt zu Ladislav Kube\u0161 auf \u2013 der Anfang unserer Zusammenarbeit. Bei jedem Treffen mit ihm f\u00fchlte ich unsere musikalische Seelenverwandtschaft. Er zog mich in seinen Bann, als er sagte: \u201eIch erz\u00e4hle Ihnen, warum ich die Blasmusik liebe und warum ich ihr mit aller Hingabe diente. Denn der Atem ist ihr Fundament. Ohne Atem gibt es kein Leben, der Atem ist eine sch\u00f6pferische Kraft. Unsere V\u00e4ter und Gro\u00dfv\u00e4ter wussten das und wer es heute leugnen will, ist gegen sich selbst. Die Tschechische Blasmusik wird nicht zugrunde gehen, ihre lebendige Tradition wird es nicht erlauben.\u201c Seinen Worten kann ich nur beif\u00fcgen, dass auch ich mein ganzes Leben lang dasselbe \u00fcber die m\u00e4hrische Blasmusik dachte. Meine Kapelle, Mist\u0159\u00ed\u0148anka, spielte seit jeher seine Kompositionen und wird sie auch weiterspielen. In seinen Polkas vereinen sich fr\u00f6hliche Melodien aus S\u00fcdb\u00f6hmen mit der Musik unserer m\u00e4hrischen Slowakei. Seine Walzer und L\u00e4ndler bekr\u00e4ftigen, dass er seinem Land stets treu geblieben ist, seine vertr\u00e4umten Melodien erinnern an die rauschenden Kronen des B\u00f6hmerwalds. Dies alles kann nur die Musik ausdr\u00fccken, aber haupts\u00e4chlich jemand, der sie schreiben kann. Ladislav Kube\u0161 war so ein K\u00fcnstler. Es ist sehr schade, dass viele Gr\u00f6\u00dfen der tschechischen Blasmusik, zu denen auch Ladislav Kube\u0161 geh\u00f6rt, nicht mehr unter uns weilen. Der Blasmusik vermachte er ein unsterbliches Werk, das f\u00fcr immer an ihn erinnern wird.<\/p><p><strong>Anton\u00edn Pavlu\u0161<\/strong>, Kapellmeister der Blaskapelle Mist\u0159\u00ed\u0148anka.<\/p>\t\t\t\t\t\t\t\t<\/div>\n\t\t\t\t\t<\/div>\n\t\t\t\t<\/div>\n\t\t\t\t<\/div>\n\t\t","protected":false},"excerpt":{"rendered":"<p>Ladislav Kube\u0161\u00a0(1924 \u2013 1998) \u201eIch erz\u00e4hle Ihnen, warum ich die Blasmusik liebe und warum ich ihr mit aller Hingabe diente. Denn der Atem ist ihr&hellip;<\/p>\n","protected":false},"author":1,"featured_media":0,"parent":0,"menu_order":0,"comment_status":"closed","ping_status":"closed","template":"","meta":{"footnotes":""},"class_list":["post-94","page","type-page","status-publish","hentry"],"_links":{"self":[{"href":"https:\/\/www.kubesovyborkovice.cz\/index.php?rest_route=\/wp\/v2\/pages\/94","targetHints":{"allow":["GET"]}}],"collection":[{"href":"https:\/\/www.kubesovyborkovice.cz\/index.php?rest_route=\/wp\/v2\/pages"}],"about":[{"href":"https:\/\/www.kubesovyborkovice.cz\/index.php?rest_route=\/wp\/v2\/types\/page"}],"author":[{"embeddable":true,"href":"https:\/\/www.kubesovyborkovice.cz\/index.php?rest_route=\/wp\/v2\/users\/1"}],"replies":[{"embeddable":true,"href":"https:\/\/www.kubesovyborkovice.cz\/index.php?rest_route=%2Fwp%2Fv2%2Fcomments&post=94"}],"version-history":[{"count":16,"href":"https:\/\/www.kubesovyborkovice.cz\/index.php?rest_route=\/wp\/v2\/pages\/94\/revisions"}],"predecessor-version":[{"id":487,"href":"https:\/\/www.kubesovyborkovice.cz\/index.php?rest_route=\/wp\/v2\/pages\/94\/revisions\/487"}],"wp:attachment":[{"href":"https:\/\/www.kubesovyborkovice.cz\/index.php?rest_route=%2Fwp%2Fv2%2Fmedia&parent=94"}],"curies":[{"name":"wp","href":"https:\/\/api.w.org\/{rel}","templated":true}]}}